{"id":788,"date":"2017-02-19T11:57:09","date_gmt":"2017-02-19T10:57:09","guid":{"rendered":"http:\/\/doorfrig.com\/?page_id=788\/"},"modified":"2021-03-16T10:15:19","modified_gmt":"2021-03-16T09:15:19","slug":"quais-de-chargement","status":"publish","type":"page","link":"https:\/\/doorfrig.com\/fr\/portes-frigorifiques\/quais-de-chargement\/","title":{"rendered":"Quais de chargement"},"content":{"rendered":"\n<p><\/p>\n\n\n\n<style type=\"text\/css\" data-created_by=\"avia_inline_auto\" id=\"style-css-av-av_one_half-6126cab7d8fab8d08143dd2dacdf673c\">\n.flex_column.av-av_one_half-6126cab7d8fab8d08143dd2dacdf673c{\nborder-radius:0px 0px 0px 0px;\npadding:0px 0px 0px 0px;\n}\n<\/style>\n<div  class='flex_column av-av_one_half-6126cab7d8fab8d08143dd2dacdf673c av_one_half  avia-builder-el-0  el_before_av_one_half  avia-builder-el-first  first flex_column_div av-zero-column-padding  '     ><style type=\"text\/css\" data-created_by=\"avia_inline_auto\" id=\"style-css-av-av_image-0af34165edfe6179ec0083652ad52e8b\">\n.avia-image-container.av-av_image-0af34165edfe6179ec0083652ad52e8b img.avia_image{\nbox-shadow:none;\n}\n.avia-image-container.av-av_image-0af34165edfe6179ec0083652ad52e8b .av-image-caption-overlay-center{\ncolor:#ffffff;\n}\n<\/style>\n<div  class='avia-image-container av-av_image-0af34165edfe6179ec0083652ad52e8b av-styling- avia-align-center  avia-builder-el-1  avia-builder-el-no-sibling '   itemprop=\"image\" itemscope=\"itemscope\" itemtype=\"https:\/\/schema.org\/ImageObject\" ><div class=\"avia-image-container-inner\"><div class=\"avia-image-overlay-wrap\"><img decoding=\"async\" fetchpriority=\"high\" class='wp-image-613 avia-img-lazy-loading-not-613 avia_image ' src=\"https:\/\/doorfrig.com\/wp-content\/uploads\/2016\/09\/imagen-muelles-de-carga.jpg\" alt='Muelle de Carga' title='Muelle de Carga'  height=\"500\" width=\"500\"  itemprop=\"thumbnailUrl\" srcset=\"https:\/\/doorfrig.com\/wp-content\/uploads\/2016\/09\/imagen-muelles-de-carga.jpg 500w, https:\/\/doorfrig.com\/wp-content\/uploads\/2016\/09\/imagen-muelles-de-carga-80x80.jpg 80w, https:\/\/doorfrig.com\/wp-content\/uploads\/2016\/09\/imagen-muelles-de-carga-300x300.jpg 300w, https:\/\/doorfrig.com\/wp-content\/uploads\/2016\/09\/imagen-muelles-de-carga-36x36.jpg 36w, https:\/\/doorfrig.com\/wp-content\/uploads\/2016\/09\/imagen-muelles-de-carga-180x180.jpg 180w, https:\/\/doorfrig.com\/wp-content\/uploads\/2016\/09\/imagen-muelles-de-carga-120x120.jpg 120w, https:\/\/doorfrig.com\/wp-content\/uploads\/2016\/09\/imagen-muelles-de-carga-450x450.jpg 450w\" sizes=\"(max-width: 500px) 100vw, 500px\" \/><\/div><\/div><\/div><\/div>\n\n<style type=\"text\/css\" data-created_by=\"avia_inline_auto\" id=\"style-css-av-av_one_half-0aa7055fe62c3622faec82866afbaeb2\">\n.flex_column.av-av_one_half-0aa7055fe62c3622faec82866afbaeb2{\nborder-radius:0px 0px 0px 0px;\npadding:0px 0px 0px 0px;\n}\n<\/style>\n<div  class='flex_column av-av_one_half-0aa7055fe62c3622faec82866afbaeb2 av_one_half  avia-builder-el-2  el_after_av_one_half  el_before_av_hr  flex_column_div av-zero-column-padding  '     ><p>\n<style type=\"text\/css\" data-created_by=\"avia_inline_auto\" id=\"style-css-av-av_heading-08a0d94cad3e1cc6fd404d2f3f8a376f\">\n#top .av-special-heading.av-av_heading-08a0d94cad3e1cc6fd404d2f3f8a376f{\npadding-bottom:0;\n}\nbody .av-special-heading.av-av_heading-08a0d94cad3e1cc6fd404d2f3f8a376f .av-special-heading-tag .heading-char{\nfont-size:25px;\n}\n.av-special-heading.av-av_heading-08a0d94cad3e1cc6fd404d2f3f8a376f .av-subheading{\nfont-size:20px;\n}\n<\/style>\n<div  class='av-special-heading av-av_heading-08a0d94cad3e1cc6fd404d2f3f8a376f av-special-heading-h2 blockquote modern-quote  avia-builder-el-3  el_before_av_hr  avia-builder-el-first '><h2 class='av-special-heading-tag '  itemprop=\"headline\"  >Quais de chargement<\/h2><div class='av-subheading av-subheading_below'><p>Une autre sp\u00e9cialit\u00e9 Doorfrig<\/p>\n<\/div><div class=\"special-heading-border\"><div class=\"special-heading-inner-border\"><\/div><\/div><\/div><br \/>\n\n<style type=\"text\/css\" data-created_by=\"avia_inline_auto\" id=\"style-css-av-av_hr-8de54f6a2b1a093946fd9169c22e756e\">\n#top .hr.av-av_hr-8de54f6a2b1a093946fd9169c22e756e{\nmargin-top:10px;\nmargin-bottom:10px;\n}\n.hr.av-av_hr-8de54f6a2b1a093946fd9169c22e756e .hr-inner{\nwidth:100%;\n}\n<\/style>\n<div  class='hr av-av_hr-8de54f6a2b1a093946fd9169c22e756e hr-custom  avia-builder-el-4  el_after_av_heading  el_before_av_textblock  hr-center hr-icon-no'><span class='hr-inner inner-border-av-border-thin'><span class=\"hr-inner-style\"><\/span><\/span><\/div><br \/>\n<section  class='av_textblock_section av-av_textblock-0366cc7376be6c9e82a3e9cc8987b64f '   itemscope=\"itemscope\" itemtype=\"https:\/\/schema.org\/CreativeWork\" ><div class='avia_textblock'  itemprop=\"text\" ><p>La fonction principale des quais de chargement est de servir d\u00b4union entre le camion qui apporte les marchandises et le b\u00e2timent o\u00f9 celle-ci sera entrepos\u00e9e et vice versa, tout cela sans endommager la cha\u00eene du froid.<\/p>\n<p>\u00c0 Doorfrig nous disposons de solutions pour les quais de chargement : portes sectionnelles isol\u00e9es, abris de quai r\u00e9tractable et rampes \u00e9l\u00e9vatrices hydrauliques. Bien qu\u2019il existe d\u2019autres \u00e9l\u00e9ments, ceux-l\u00e0 sont sans aucun doute les plus courants pour un quai de chargement industriel.<\/p>\n<\/div><\/section><\/p><\/div>\n\n<style type=\"text\/css\" data-created_by=\"avia_inline_auto\" id=\"style-css-av-av_hr-8de54f6a2b1a093946fd9169c22e756e\">\n#top .hr.av-av_hr-8de54f6a2b1a093946fd9169c22e756e{\nmargin-top:10px;\nmargin-bottom:10px;\n}\n.hr.av-av_hr-8de54f6a2b1a093946fd9169c22e756e .hr-inner{\nwidth:100%;\n}\n<\/style>\n<div  class='hr av-av_hr-8de54f6a2b1a093946fd9169c22e756e hr-custom  avia-builder-el-6  el_after_av_one_half  el_before_av_image  hr-center hr-icon-no'><span class='hr-inner inner-border-av-border-thin'><span class=\"hr-inner-style\"><\/span><\/span><\/div>\n\n<style type=\"text\/css\" data-created_by=\"avia_inline_auto\" id=\"style-css-av-av_image-b508b777499afad1c5acabc48b244bf9\">\n.avia-image-container.av-av_image-b508b777499afad1c5acabc48b244bf9 img.avia_image{\nbox-shadow:none;\n}\n.avia-image-container.av-av_image-b508b777499afad1c5acabc48b244bf9 .av-image-caption-overlay-center{\ncolor:#ffffff;\n}\n<\/style>\n<div  class='avia-image-container av-av_image-b508b777499afad1c5acabc48b244bf9 av-styling- av-img-linked avia-align-center  avia-builder-el-7  el_after_av_hr  avia-builder-el-last '   itemprop=\"image\" itemscope=\"itemscope\" itemtype=\"https:\/\/schema.org\/ImageObject\" ><div class=\"avia-image-container-inner\"><div class=\"avia-image-overlay-wrap\"><a href=\"https:\/\/doorfrig.com\/fr\/contact\/\" class='avia_image '  aria-label='Servicio Express | Puertas C\u00e1maras Frigor\u00edficas'><img decoding=\"async\" fetchpriority=\"high\" class='wp-image-1877 avia-img-lazy-loading-not-1877 avia_image ' src=\"https:\/\/doorfrig.com\/wp-content\/uploads\/2017\/02\/Banner-bottom-FR.jpg\" alt='Servicio Express | Puertas C\u00e1maras Frigor\u00edficas' title='Servicio Express | Puertas C\u00e1maras Frigor\u00edficas'  height=\"150\" width=\"883\"  itemprop=\"thumbnailUrl\" srcset=\"https:\/\/doorfrig.com\/wp-content\/uploads\/2017\/02\/Banner-bottom-FR.jpg 883w, https:\/\/doorfrig.com\/wp-content\/uploads\/2017\/02\/Banner-bottom-FR-300x51.jpg 300w, https:\/\/doorfrig.com\/wp-content\/uploads\/2017\/02\/Banner-bottom-FR-768x130.jpg 768w, https:\/\/doorfrig.com\/wp-content\/uploads\/2017\/02\/Banner-bottom-FR-705x120.jpg 705w, https:\/\/doorfrig.com\/wp-content\/uploads\/2017\/02\/Banner-bottom-FR-450x76.jpg 450w\" sizes=\"(max-width: 883px) 100vw, 883px\" \/><\/a><\/div><\/div><\/div>\n","protected":false},"excerpt":{"rendered":"","protected":false},"author":1,"featured_media":0,"parent":668,"menu_order":0,"comment_status":"closed","ping_status":"closed","template":"","meta":{"footnotes":""},"class_list":["post-788","page","type-page","status-publish","hentry"],"_links":{"self":[{"href":"https:\/\/doorfrig.com\/fr\/wp-json\/wp\/v2\/pages\/788","targetHints":{"allow":["GET"]}}],"collection":[{"href":"https:\/\/doorfrig.com\/fr\/wp-json\/wp\/v2\/pages"}],"about":[{"href":"https:\/\/doorfrig.com\/fr\/wp-json\/wp\/v2\/types\/page"}],"author":[{"embeddable":true,"href":"https:\/\/doorfrig.com\/fr\/wp-json\/wp\/v2\/users\/1"}],"replies":[{"embeddable":true,"href":"https:\/\/doorfrig.com\/fr\/wp-json\/wp\/v2\/comments?post=788"}],"version-history":[{"count":3,"href":"https:\/\/doorfrig.com\/fr\/wp-json\/wp\/v2\/pages\/788\/revisions"}],"predecessor-version":[{"id":3489,"href":"https:\/\/doorfrig.com\/fr\/wp-json\/wp\/v2\/pages\/788\/revisions\/3489"}],"up":[{"embeddable":true,"href":"https:\/\/doorfrig.com\/fr\/wp-json\/wp\/v2\/pages\/668"}],"wp:attachment":[{"href":"https:\/\/doorfrig.com\/fr\/wp-json\/wp\/v2\/media?parent=788"}],"curies":[{"name":"wp","href":"https:\/\/api.w.org\/{rel}","templated":true}]}}