{"id":745,"date":"2017-02-16T19:01:14","date_gmt":"2017-02-16T18:01:14","guid":{"rendered":"http:\/\/doorfrig.com\/?page_id=745\/"},"modified":"2021-03-16T09:47:29","modified_gmt":"2021-03-16T08:47:29","slug":"blog","status":"publish","type":"page","link":"https:\/\/doorfrig.com\/fr\/blog\/","title":{"rendered":"Le Blog de Doorfrig"},"content":{"rendered":"<\/p>\n<div  class='av-alb-blogposts template-blog  av-blog-meta-comments-disabled av-blog-meta-html-info-disabled '  itemscope=\"itemscope\" itemtype=\"https:\/\/schema.org\/Blog\" ><article class=\"post-entry post-entry-type-standard post-entry-949 post-loop-1 post-parity-odd single-big with-slider post-949 post type-post status-publish format-standard has-post-thumbnail hentry category-portes-frigorifiques category-non-classifiee\"  itemscope=\"itemscope\" itemtype=\"https:\/\/schema.org\/BlogPosting\" ><div class=\"big-preview single-big\"  itemprop=\"image\" itemscope=\"itemscope\" itemtype=\"https:\/\/schema.org\/ImageObject\" ><a href=\"https:\/\/doorfrig.com\/fr\/pourquoi-utilisons-nous-du-polyurethane\/\"  title=\"portes frigorifiques\" ><img decoding=\"async\" loading=\"lazy\" width=\"833\" height=\"315\" src=\"https:\/\/doorfrig.com\/wp-content\/uploads\/2017\/03\/portes-frigorifiques.jpg\" class=\"wp-image-954 avia-img-lazy-loading-954 attachment-entry_with_sidebar size-entry_with_sidebar wp-post-image\" alt=\"portes frigorifiques\" srcset=\"https:\/\/doorfrig.com\/wp-content\/uploads\/2017\/03\/portes-frigorifiques.jpg 833w, https:\/\/doorfrig.com\/wp-content\/uploads\/2017\/03\/portes-frigorifiques-300x113.jpg 300w, https:\/\/doorfrig.com\/wp-content\/uploads\/2017\/03\/portes-frigorifiques-768x290.jpg 768w, https:\/\/doorfrig.com\/wp-content\/uploads\/2017\/03\/portes-frigorifiques-705x267.jpg 705w, https:\/\/doorfrig.com\/wp-content\/uploads\/2017\/03\/portes-frigorifiques-450x170.jpg 450w\" sizes=\"auto, (max-width: 833px) 100vw, 833px\" \/><\/a><\/div><div class=\"blog-meta\"><\/div><div class='entry-content-wrapper clearfix standard-content'><header class=\"entry-content-header\" aria-label=\"Post: Pourquoi utilisons-nous du polyur\u00e9thane dans les portes frigorifiques\"><h2 class='post-title entry-title '  itemprop=\"headline\" ><a href=\"https:\/\/doorfrig.com\/fr\/pourquoi-utilisons-nous-du-polyurethane\/\" rel=\"bookmark\" title=\"Lien permanent : Pourquoi utilisons-nous du polyur\u00e9thane dans les portes frigorifiques\">Pourquoi utilisons-nous du polyur\u00e9thane dans les portes frigorifiques<span class=\"post-format-icon minor-meta\"><\/span><\/a><\/h2><span class=\"post-meta-infos\"><time class=\"date-container minor-meta updated\"  itemprop=\"datePublished\" datetime=\"2017-03-29T11:27:34+02:00\" >29\/03\/2017<\/time><span class=\"text-sep\">\/<\/span><span class=\"blog-categories minor-meta\">dans <a href=\"https:\/\/doorfrig.com\/fr\/category\/portes-frigorifiques\/\" rel=\"tag\">portes frigorifiques<\/a>, <a href=\"https:\/\/doorfrig.com\/fr\/category\/non-classifiee\/\" rel=\"tag\">Non classifi\u00e9(e)<\/a><\/span><span class=\"text-sep\">\/<\/span><span class=\"blog-author minor-meta\">par <span class=\"entry-author-link\"  itemprop=\"author\" ><span class=\"author\"><span class=\"fn\"><a href=\"https:\/\/doorfrig.com\/fr\/author\/juanjodorado\/\" title=\"Posts by Doorfrig\" rel=\"author\">Doorfrig<\/a><\/span><\/span><\/span><\/span><\/span><\/header><div class=\"entry-content\"  itemprop=\"text\" ><p>Quand nous cherchons un isolant thermique pour une porte frigorifique, nous cherchons un mat\u00e9riel qui, en plus de remplir la fonction d\u2019isolation, soit souple, r\u00e9sistant, durable et commode \u00e0 modeler et \u00e0 adapter \u00e0 diff\u00e9rents endroits. Et le polyur\u00e9thane est en soi un mat\u00e9riau qui r\u00e9pond \u00e0 toutes ces exigences. Chez Doorfrig, nous utilisons une [&hellip;]<\/p>\n<div class=\"read-more-link\"><a href=\"https:\/\/doorfrig.com\/fr\/pourquoi-utilisons-nous-du-polyurethane\/\" class=\"more-link\">Lire la suite<span class=\"more-link-arrow\"><\/span><\/a><\/div>\n<\/div><footer class=\"entry-footer\"><\/footer><div class='post_delimiter'><\/div><\/div><div class=\"post_author_timeline\"><\/div><span class='hidden'>\n\t\t\t\t<span class='av-structured-data'  itemprop=\"image\" itemscope=\"itemscope\" itemtype=\"https:\/\/schema.org\/ImageObject\" >\n\t\t\t\t\t\t<span itemprop='url'>https:\/\/doorfrig.com\/wp-content\/uploads\/2017\/03\/portes-frigorifiques.jpg<\/span>\n\t\t\t\t\t\t<span itemprop='height'>315<\/span>\n\t\t\t\t\t\t<span itemprop='width'>833<\/span>\n\t\t\t\t<\/span>\n\t\t\t\t<span class='av-structured-data'  itemprop=\"publisher\" itemtype=\"https:\/\/schema.org\/Organization\" itemscope=\"itemscope\" >\n\t\t\t\t\t\t<span itemprop='name'>Doorfrig<\/span>\n\t\t\t\t\t\t<span itemprop='logo' itemscope itemtype='https:\/\/schema.org\/ImageObject'>\n\t\t\t\t\t\t\t<span itemprop='url'>https:\/\/doorfrig.com\/wp-content\/uploads\/2017\/02\/Logo-Doorfrig-portes-frigorifiques.png<\/span>\n\t\t\t\t\t\t<\/span>\n\t\t\t\t<\/span><span class='av-structured-data'  itemprop=\"author\" itemscope=\"itemscope\" itemtype=\"https:\/\/schema.org\/Person\" ><span itemprop='name'>Doorfrig<\/span><\/span><span class='av-structured-data'  itemprop=\"datePublished\" datetime=\"2017-03-29T11:27:34+02:00\" >2017-03-29 11:27:34<\/span><span class='av-structured-data'  itemprop=\"dateModified\" itemtype=\"https:\/\/schema.org\/dateModified\" >2021-03-16 10:24:20<\/span><span class='av-structured-data'  itemprop=\"mainEntityOfPage\" itemtype=\"https:\/\/schema.org\/mainEntityOfPage\" ><span itemprop='name'>Pourquoi utilisons-nous du polyur\u00e9thane dans les portes frigorifiques<\/span><\/span><\/span><\/article><article class=\"post-entry post-entry-type-standard post-entry-693 post-loop-2 post-parity-even post-entry-last single-big with-slider post-693 post type-post status-publish format-standard has-post-thumbnail hentry category-non-classifiee tag-portes-frigorifiques\"  itemscope=\"itemscope\" itemtype=\"https:\/\/schema.org\/BlogPosting\" ><div class=\"big-preview single-big\"  itemprop=\"image\" itemscope=\"itemscope\" itemtype=\"https:\/\/schema.org\/ImageObject\" ><a href=\"https:\/\/doorfrig.com\/fr\/inaugurons-web-blog-doorfrig\/\"  title=\"Sectores Doorfrig\" ><img decoding=\"async\" loading=\"lazy\" width=\"833\" height=\"200\" src=\"https:\/\/doorfrig.com\/wp-content\/uploads\/2016\/09\/sectores-doorfrig.jpg\" class=\"wp-image-316 avia-img-lazy-loading-316 attachment-entry_with_sidebar size-entry_with_sidebar wp-post-image\" alt=\"Sectores Doorfrig\" srcset=\"https:\/\/doorfrig.com\/wp-content\/uploads\/2016\/09\/sectores-doorfrig.jpg 833w, https:\/\/doorfrig.com\/wp-content\/uploads\/2016\/09\/sectores-doorfrig-300x72.jpg 300w, https:\/\/doorfrig.com\/wp-content\/uploads\/2016\/09\/sectores-doorfrig-768x184.jpg 768w, https:\/\/doorfrig.com\/wp-content\/uploads\/2016\/09\/sectores-doorfrig-705x169.jpg 705w, https:\/\/doorfrig.com\/wp-content\/uploads\/2016\/09\/sectores-doorfrig-450x108.jpg 450w\" sizes=\"auto, (max-width: 833px) 100vw, 833px\" \/><\/a><\/div><div class=\"blog-meta\"><\/div><div class='entry-content-wrapper clearfix standard-content'><header class=\"entry-content-header\" aria-label=\"Post: Nous inaugurons la page web et le blog de Doorfrig\"><h2 class='post-title entry-title '  itemprop=\"headline\" ><a href=\"https:\/\/doorfrig.com\/fr\/inaugurons-web-blog-doorfrig\/\" rel=\"bookmark\" title=\"Lien permanent : Nous inaugurons la page web et le blog de Doorfrig\">Nous inaugurons la page web et le blog de Doorfrig<span class=\"post-format-icon minor-meta\"><\/span><\/a><\/h2><span class=\"post-meta-infos\"><time class=\"date-container minor-meta updated\"  itemprop=\"datePublished\" datetime=\"2017-02-16T18:57:33+01:00\" >16\/02\/2017<\/time><span class=\"text-sep\">\/<\/span><span class=\"blog-categories minor-meta\">dans <a href=\"https:\/\/doorfrig.com\/fr\/category\/non-classifiee\/\" rel=\"tag\">Non classifi\u00e9(e)<\/a><\/span><span class=\"text-sep\">\/<\/span><span class=\"blog-author minor-meta\">par <span class=\"entry-author-link\"  itemprop=\"author\" ><span class=\"author\"><span class=\"fn\"><a href=\"https:\/\/doorfrig.com\/fr\/author\/doorfrig\/\" title=\"Posts by Doorfrig\" rel=\"author\">Doorfrig<\/a><\/span><\/span><\/span><\/span><\/span><\/header><div class=\"entry-content\"  itemprop=\"text\" ><p>Aujourd&#8217;hui est un jour tr\u00e8s sp\u00e9cial pour tous ceux qui font partie de la famille de Doorfrig, aujourd&#8217;hui nous franchissons un pas tr\u00e8s important pour nous : Nous \u00e9trennons notre nouvelle page web. Une page sur laquelle nous avons voulu refl\u00e9ter non seulement l\u00b4ensemble de nos produits, mais aussi la philosophie et la fa\u00e7on de [&hellip;]<\/p>\n<div class=\"read-more-link\"><a href=\"https:\/\/doorfrig.com\/fr\/inaugurons-web-blog-doorfrig\/\" class=\"more-link\">Lire la suite<span class=\"more-link-arrow\"><\/span><\/a><\/div>\n<\/div><footer class=\"entry-footer\"><\/footer><div class='post_delimiter'><\/div><\/div><div class=\"post_author_timeline\"><\/div><span class='hidden'>\n\t\t\t\t<span class='av-structured-data'  itemprop=\"image\" itemscope=\"itemscope\" itemtype=\"https:\/\/schema.org\/ImageObject\" >\n\t\t\t\t\t\t<span itemprop='url'>https:\/\/doorfrig.com\/wp-content\/uploads\/2016\/09\/sectores-doorfrig.jpg<\/span>\n\t\t\t\t\t\t<span itemprop='height'>200<\/span>\n\t\t\t\t\t\t<span itemprop='width'>833<\/span>\n\t\t\t\t<\/span>\n\t\t\t\t<span class='av-structured-data'  itemprop=\"publisher\" itemtype=\"https:\/\/schema.org\/Organization\" itemscope=\"itemscope\" >\n\t\t\t\t\t\t<span itemprop='name'>Doorfrig<\/span>\n\t\t\t\t\t\t<span itemprop='logo' itemscope itemtype='https:\/\/schema.org\/ImageObject'>\n\t\t\t\t\t\t\t<span itemprop='url'>https:\/\/doorfrig.com\/wp-content\/uploads\/2017\/02\/Logo-Doorfrig-portes-frigorifiques.png<\/span>\n\t\t\t\t\t\t<\/span>\n\t\t\t\t<\/span><span class='av-structured-data'  itemprop=\"author\" itemscope=\"itemscope\" itemtype=\"https:\/\/schema.org\/Person\" ><span itemprop='name'>Doorfrig<\/span><\/span><span class='av-structured-data'  itemprop=\"datePublished\" datetime=\"2017-02-16T18:57:33+01:00\" >2017-02-16 18:57:33<\/span><span class='av-structured-data'  itemprop=\"dateModified\" itemtype=\"https:\/\/schema.org\/dateModified\" >2017-02-27 12:01:50<\/span><span class='av-structured-data'  itemprop=\"mainEntityOfPage\" itemtype=\"https:\/\/schema.org\/mainEntityOfPage\" ><span itemprop='name'>Nous inaugurons la page web et le blog de Doorfrig<\/span><\/span><\/span><\/article><div class='single-big'><\/div><\/div>\n","protected":false},"excerpt":{"rendered":"","protected":false},"author":1,"featured_media":0,"parent":0,"menu_order":0,"comment_status":"closed","ping_status":"closed","template":"","meta":{"footnotes":""},"class_list":["post-745","page","type-page","status-publish","hentry"],"_links":{"self":[{"href":"https:\/\/doorfrig.com\/fr\/wp-json\/wp\/v2\/pages\/745","targetHints":{"allow":["GET"]}}],"collection":[{"href":"https:\/\/doorfrig.com\/fr\/wp-json\/wp\/v2\/pages"}],"about":[{"href":"https:\/\/doorfrig.com\/fr\/wp-json\/wp\/v2\/types\/page"}],"author":[{"embeddable":true,"href":"https:\/\/doorfrig.com\/fr\/wp-json\/wp\/v2\/users\/1"}],"replies":[{"embeddable":true,"href":"https:\/\/doorfrig.com\/fr\/wp-json\/wp\/v2\/comments?post=745"}],"version-history":[{"count":2,"href":"https:\/\/doorfrig.com\/fr\/wp-json\/wp\/v2\/pages\/745\/revisions"}],"predecessor-version":[{"id":3442,"href":"https:\/\/doorfrig.com\/fr\/wp-json\/wp\/v2\/pages\/745\/revisions\/3442"}],"wp:attachment":[{"href":"https:\/\/doorfrig.com\/fr\/wp-json\/wp\/v2\/media?parent=745"}],"curies":[{"name":"wp","href":"https:\/\/api.w.org\/{rel}","templated":true}]}}