{"id":729,"date":"2017-02-16T18:34:46","date_gmt":"2017-02-16T17:34:46","guid":{"rendered":"http:\/\/doorfrig.com\/?page_id=729\/"},"modified":"2021-03-16T10:08:18","modified_gmt":"2021-03-16T09:08:18","slug":"porte-pivotante-dp2-industrielle","status":"publish","type":"page","link":"https:\/\/doorfrig.com\/fr\/portes-frigorifiques\/portes-pivotantes\/porte-pivotante-dp2-industrielle\/","title":{"rendered":"Porte Pivotante DP2 | Industrielle"},"content":{"rendered":"<\/p>\n\n<style type=\"text\/css\" data-created_by=\"avia_inline_auto\" id=\"style-css-av-av_one_half-6126cab7d8fab8d08143dd2dacdf673c\">\n.flex_column.av-av_one_half-6126cab7d8fab8d08143dd2dacdf673c{\nborder-radius:0px 0px 0px 0px;\npadding:0px 0px 0px 0px;\n}\n<\/style>\n<div  class='flex_column av-av_one_half-6126cab7d8fab8d08143dd2dacdf673c av_one_half  avia-builder-el-0  el_before_av_one_half  avia-builder-el-first  first flex_column_div av-zero-column-padding  '     ><style type=\"text\/css\" data-created_by=\"avia_inline_auto\" id=\"style-css-av-av_image-c40def0843d3ef764c7bd33028226b60\">\n.avia-image-container.av-av_image-c40def0843d3ef764c7bd33028226b60 img.avia_image{\nbox-shadow:none;\n}\n.avia-image-container.av-av_image-c40def0843d3ef764c7bd33028226b60 .av-image-caption-overlay-center{\ncolor:#ffffff;\n}\n<\/style>\n<div  class='avia-image-container av-av_image-c40def0843d3ef764c7bd33028226b60 av-styling- avia-align-center  avia-builder-el-1  avia-builder-el-no-sibling '   itemprop=\"image\" itemscope=\"itemscope\" itemtype=\"https:\/\/schema.org\/ImageObject\" ><div class=\"avia-image-container-inner\"><div class=\"avia-image-overlay-wrap\"><img decoding=\"async\" fetchpriority=\"high\" class='wp-image-432 avia-img-lazy-loading-not-432 avia_image ' src=\"https:\/\/doorfrig.com\/wp-content\/uploads\/2016\/11\/puerta-pivotante-dp2.jpg\" alt='Puerta Pivotante DP2 | Industrial' title='Puerta Pivotante DP2 | Industrial'  height=\"500\" width=\"500\"  itemprop=\"thumbnailUrl\" srcset=\"https:\/\/doorfrig.com\/wp-content\/uploads\/2016\/11\/puerta-pivotante-dp2.jpg 500w, https:\/\/doorfrig.com\/wp-content\/uploads\/2016\/11\/puerta-pivotante-dp2-80x80.jpg 80w, https:\/\/doorfrig.com\/wp-content\/uploads\/2016\/11\/puerta-pivotante-dp2-300x300.jpg 300w, https:\/\/doorfrig.com\/wp-content\/uploads\/2016\/11\/puerta-pivotante-dp2-36x36.jpg 36w, https:\/\/doorfrig.com\/wp-content\/uploads\/2016\/11\/puerta-pivotante-dp2-180x180.jpg 180w, https:\/\/doorfrig.com\/wp-content\/uploads\/2016\/11\/puerta-pivotante-dp2-120x120.jpg 120w, https:\/\/doorfrig.com\/wp-content\/uploads\/2016\/11\/puerta-pivotante-dp2-450x450.jpg 450w\" sizes=\"(max-width: 500px) 100vw, 500px\" \/><\/div><\/div><\/div><\/div>\n\n<style type=\"text\/css\" data-created_by=\"avia_inline_auto\" id=\"style-css-av-av_one_half-0aa7055fe62c3622faec82866afbaeb2\">\n.flex_column.av-av_one_half-0aa7055fe62c3622faec82866afbaeb2{\nborder-radius:0px 0px 0px 0px;\npadding:0px 0px 0px 0px;\n}\n<\/style>\n<div  class='flex_column av-av_one_half-0aa7055fe62c3622faec82866afbaeb2 av_one_half  avia-builder-el-2  el_after_av_one_half  el_before_av_hr  flex_column_div av-zero-column-padding  '     ><p>\n<style type=\"text\/css\" data-created_by=\"avia_inline_auto\" id=\"style-css-av-av_heading-248525929c6501c4013246cde1e4f20d\">\n#top .av-special-heading.av-av_heading-248525929c6501c4013246cde1e4f20d{\npadding-bottom:0;\n}\nbody .av-special-heading.av-av_heading-248525929c6501c4013246cde1e4f20d .av-special-heading-tag .heading-char{\nfont-size:25px;\n}\n.av-special-heading.av-av_heading-248525929c6501c4013246cde1e4f20d .av-subheading{\nfont-size:20px;\n}\n<\/style>\n<div  class='av-special-heading av-av_heading-248525929c6501c4013246cde1e4f20d av-special-heading-h2 blockquote modern-quote  avia-builder-el-3  el_before_av_hr  avia-builder-el-first '><h2 class='av-special-heading-tag '  itemprop=\"headline\"  >Mod\u00e8le DP2 | Industrielle<\/h2><div class='av-subheading av-subheading_below'><p>Porte frigorifique pivotante<\/p>\n<\/div><div class=\"special-heading-border\"><div class=\"special-heading-inner-border\"><\/div><\/div><\/div><br \/>\n\n<style type=\"text\/css\" data-created_by=\"avia_inline_auto\" id=\"style-css-av-av_hr-8de54f6a2b1a093946fd9169c22e756e\">\n#top .hr.av-av_hr-8de54f6a2b1a093946fd9169c22e756e{\nmargin-top:10px;\nmargin-bottom:10px;\n}\n.hr.av-av_hr-8de54f6a2b1a093946fd9169c22e756e .hr-inner{\nwidth:100%;\n}\n<\/style>\n<div  class='hr av-av_hr-8de54f6a2b1a093946fd9169c22e756e hr-custom  avia-builder-el-4  el_after_av_heading  el_before_av_textblock  hr-center hr-icon-no'><span class='hr-inner inner-border-av-border-thin'><span class=\"hr-inner-style\"><\/span><\/span><\/div><br \/>\n<section  class='av_textblock_section av-av_textblock-0366cc7376be6c9e82a3e9cc8987b64f '   itemscope=\"itemscope\" itemtype=\"https:\/\/schema.org\/CreativeWork\" ><div class='avia_textblock'  itemprop=\"text\" ><p>Porte frigorifique pivotante d\u2019excellente qualit\u00e9, sp\u00e9cialement <strong>con\u00e7ue pour des installations ayant un usage intensif de conservation, de cong\u00e9lation ou tunnel.<\/strong><\/p>\n<p>Il s\u00b4agit d\u00b4une porte robuste, de longue dur\u00e9e, d\u00b4une efficacit\u00e9 \u00e9nerg\u00e9tique remarquable, et con\u00e7ue pour n\u00b4avoir besoin que d\u00b4un minimum d\u2019entretien.<\/p>\n<\/div><\/section><\/p><\/div>\n\n<style type=\"text\/css\" data-created_by=\"avia_inline_auto\" id=\"style-css-av-av_hr-5ea7596238ed9f191e6b5e662093052f\">\n#top .hr.hr-invisible.av-av_hr-5ea7596238ed9f191e6b5e662093052f{\nheight:30px;\n}\n<\/style>\n<div  class='hr av-av_hr-5ea7596238ed9f191e6b5e662093052f hr-invisible  avia-builder-el-6  el_after_av_one_half  el_before_av_heading '><span class='hr-inner '><span class=\"hr-inner-style\"><\/span><\/span><\/div>\n\n<style type=\"text\/css\" data-created_by=\"avia_inline_auto\" id=\"style-css-av-av_heading-1e3070da199652a2549c1954025714fb\">\n#top .av-special-heading.av-av_heading-1e3070da199652a2549c1954025714fb{\npadding-bottom:0;\n}\nbody .av-special-heading.av-av_heading-1e3070da199652a2549c1954025714fb .av-special-heading-tag .heading-char{\nfont-size:25px;\n}\n.av-special-heading.av-av_heading-1e3070da199652a2549c1954025714fb .av-subheading{\nfont-size:15px;\n}\n<\/style>\n<div  class='av-special-heading av-av_heading-1e3070da199652a2549c1954025714fb av-special-heading-h2 blockquote modern-quote  avia-builder-el-7  el_after_av_hr  el_before_av_hr '><h2 class='av-special-heading-tag '  itemprop=\"headline\"  >Caract\u00e9ristiques<\/h2><div class=\"special-heading-border\"><div class=\"special-heading-inner-border\"><\/div><\/div><\/div>\n<div  class='hr av-av_hr-dcd2069817a0e3d34ae04cad8f3443c7 hr-default  avia-builder-el-8  el_after_av_heading  el_before_av_one_half '><span class='hr-inner '><span class=\"hr-inner-style\"><\/span><\/span><\/div>\n\n<style type=\"text\/css\" data-created_by=\"avia_inline_auto\" id=\"style-css-av-av_one_half-6126cab7d8fab8d08143dd2dacdf673c\">\n.flex_column.av-av_one_half-6126cab7d8fab8d08143dd2dacdf673c{\nborder-radius:0px 0px 0px 0px;\npadding:0px 0px 0px 0px;\n}\n<\/style>\n<div  class='flex_column av-av_one_half-6126cab7d8fab8d08143dd2dacdf673c av_one_half  avia-builder-el-9  el_after_av_hr  el_before_av_one_half  first flex_column_div av-zero-column-padding  '     ><style type=\"text\/css\" data-created_by=\"avia_inline_auto\" id=\"style-css-av-av_iconlist-1a0173fbf2b039a290a70ffbc1115d59\">\n#top .avia-icon-list-container.av-av_iconlist-1a0173fbf2b039a290a70ffbc1115d59 .iconlist_icon{\ncolor:#00398b;\nbackground-color:#8dbee3;\nborder:1px solid #8dbee3;\n}\n<\/style>\n<div  class='avia-icon-list-container av-av_iconlist-1a0173fbf2b039a290a70ffbc1115d59  avia-builder-el-10  avia-builder-el-no-sibling '><ul class='avia-icon-list avia_animate_when_almost_visible avia-icon-list-left av-iconlist-big av-av_iconlist-1a0173fbf2b039a290a70ffbc1115d59 avia-iconlist-animate'>\n<li><div class='iconlist_icon av-av_iconlist_item-64b416aa9c54b764ed35d6933199e55b avia-font-entypo-fontello'><span class='iconlist-char' aria-hidden='true' data-av_icon='\ue875' data-av_iconfont='entypo-fontello'><\/span><\/div><article class=\"article-icon-entry \"  itemscope=\"itemscope\" itemtype=\"https:\/\/schema.org\/CreativeWork\" ><div class=\"iconlist_content_wrap\"><header class=\"entry-content-header\" aria-label=\"Icon: Vantail d\u00b4isolation\"><h4 class='av_iconlist_title iconlist_title  '  itemprop=\"headline\" >Vantail d\u00b4isolation<\/h4><\/header><div class='iconlist_content '  itemprop=\"text\" ><p>Mousse de polyur\u00e9thane haute densit\u00e9 ,<strong>45\/50 kg\/m\u00b3<\/strong> ; Classification de r\u00e9action au feu <strong>Bs1d0<\/strong>.<\/p>\n<\/div><\/div><footer class=\"entry-footer\"><\/footer><\/article><div class=\"iconlist-timeline\"><\/div><\/li>\n<li><div class='iconlist_icon av-av_iconlist_item-f55f34772a614291158abe9b153bfe21 avia-font-entypo-fontello'><span class='iconlist-char' aria-hidden='true' data-av_icon='\ue875' data-av_iconfont='entypo-fontello'><\/span><\/div><article class=\"article-icon-entry \"  itemscope=\"itemscope\" itemtype=\"https:\/\/schema.org\/CreativeWork\" ><div class=\"iconlist_content_wrap\"><header class=\"entry-content-header\" aria-label=\"Icon: Finition du vantail\"><h4 class='av_iconlist_title iconlist_title  '  itemprop=\"headline\" >Finition du vantail<\/h4><\/header><div class='iconlist_content '  itemprop=\"text\" ><p>T\u00f4le laqu\u00e9e de <strong>0,6 mm<\/strong> d\u2019\u00e9paisseur de chaque cot\u00e9.<\/p>\n<\/div><\/div><footer class=\"entry-footer\"><\/footer><\/article><div class=\"iconlist-timeline\"><\/div><\/li>\n<li><div class='iconlist_icon av-av_iconlist_item-71c830b9dc4b14095bbb684d027b0bfd avia-font-entypo-fontello'><span class='iconlist-char' aria-hidden='true' data-av_icon='\ue875' data-av_iconfont='entypo-fontello'><\/span><\/div><article class=\"article-icon-entry \"  itemscope=\"itemscope\" itemtype=\"https:\/\/schema.org\/CreativeWork\" ><div class=\"iconlist_content_wrap\"><header class=\"entry-content-header\" aria-label=\"Icon: Profil\u00e9 du vantail\"><h4 class='av_iconlist_title iconlist_title  '  itemprop=\"headline\" >Profil\u00e9 du vantail<\/h4><\/header><div class='iconlist_content '  itemprop=\"text\" ><p>Vantail encadr\u00e9 par un profil\u00e9 d\u00b4<strong>aluminium anodis\u00e9 inoxydable et soumis \u00e0 un traitement anticorrosion.<\/strong><\/p>\n<\/div><\/div><footer class=\"entry-footer\"><\/footer><\/article><div class=\"iconlist-timeline\"><\/div><\/li>\n<\/ul><\/div><\/div>\n\n<style type=\"text\/css\" data-created_by=\"avia_inline_auto\" id=\"style-css-av-av_one_half-0aa7055fe62c3622faec82866afbaeb2\">\n.flex_column.av-av_one_half-0aa7055fe62c3622faec82866afbaeb2{\nborder-radius:0px 0px 0px 0px;\npadding:0px 0px 0px 0px;\n}\n<\/style>\n<div  class='flex_column av-av_one_half-0aa7055fe62c3622faec82866afbaeb2 av_one_half  avia-builder-el-11  el_after_av_one_half  el_before_av_heading  flex_column_div av-zero-column-padding  '     ><p>\n<style type=\"text\/css\" data-created_by=\"avia_inline_auto\" id=\"style-css-av-av_image-2c538a1e0c8efdf390a2537812a18caf\">\n.avia-image-container.av-av_image-2c538a1e0c8efdf390a2537812a18caf img.avia_image{\nbox-shadow:none;\n}\n.avia-image-container.av-av_image-2c538a1e0c8efdf390a2537812a18caf .av-image-caption-overlay-center{\ncolor:#ffffff;\n}\n<\/style>\n<div  class='avia-image-container av-av_image-2c538a1e0c8efdf390a2537812a18caf av-styling- av-hover-grow av-img-linked avia-align-center  avia-builder-el-12  el_before_av_image  avia-builder-el-first '   itemprop=\"image\" itemscope=\"itemscope\" itemtype=\"https:\/\/schema.org\/ImageObject\" ><div class=\"avia-image-container-inner\"><div class=\"avia-image-overlay-wrap\"><a href=\"https:\/\/doorfrig.com\/wp-content\/uploads\/2016\/11\/puerta-pivotante-dp2-2.jpg\" data-srcset=\"https:\/\/doorfrig.com\/wp-content\/uploads\/2016\/11\/puerta-pivotante-dp2-2.jpg 400w, https:\/\/doorfrig.com\/wp-content\/uploads\/2016\/11\/puerta-pivotante-dp2-2-300x169.jpg 300w\" data-sizes=\"(max-width: 400px) 100vw, 400px\" class='avia_image '  aria-label='Puerta Pivotante DP2 | Industrial'><img decoding=\"async\" fetchpriority=\"high\" class='wp-image-513 avia-img-lazy-loading-not-513 avia_image ' src=\"https:\/\/doorfrig.com\/wp-content\/uploads\/2016\/11\/puerta-pivotante-dp2-2.jpg\" alt='Puerta Pivotante DP2 | Industrial' title='Puerta Pivotante DP2 | Industrial'  height=\"225\" width=\"400\"  itemprop=\"thumbnailUrl\" srcset=\"https:\/\/doorfrig.com\/wp-content\/uploads\/2016\/11\/puerta-pivotante-dp2-2.jpg 400w, https:\/\/doorfrig.com\/wp-content\/uploads\/2016\/11\/puerta-pivotante-dp2-2-300x169.jpg 300w\" sizes=\"(max-width: 400px) 100vw, 400px\" \/><\/a><\/div><\/div><\/div><br \/>\n\n<style type=\"text\/css\" data-created_by=\"avia_inline_auto\" id=\"style-css-av-av_image-cab9084460326afe1b499c6c60dd88f7\">\n.avia-image-container.av-av_image-cab9084460326afe1b499c6c60dd88f7 img.avia_image{\nbox-shadow:none;\n}\n.avia-image-container.av-av_image-cab9084460326afe1b499c6c60dd88f7 .av-image-caption-overlay-center{\ncolor:#ffffff;\n}\n<\/style>\n<div  class='avia-image-container av-av_image-cab9084460326afe1b499c6c60dd88f7 av-styling- av-hover-grow av-img-linked avia-align-center  avia-builder-el-13  el_after_av_image  avia-builder-el-last '   itemprop=\"image\" itemscope=\"itemscope\" itemtype=\"https:\/\/schema.org\/ImageObject\" ><div class=\"avia-image-container-inner\"><div class=\"avia-image-overlay-wrap\"><a href=\"https:\/\/doorfrig.com\/wp-content\/uploads\/2016\/11\/puerta-pivotante-dp2-3.jpg\" data-srcset=\"https:\/\/doorfrig.com\/wp-content\/uploads\/2016\/11\/puerta-pivotante-dp2-3.jpg 400w, https:\/\/doorfrig.com\/wp-content\/uploads\/2016\/11\/puerta-pivotante-dp2-3-300x169.jpg 300w\" data-sizes=\"(max-width: 400px) 100vw, 400px\" class='avia_image '  aria-label='Puerta Pivotante DP2 | Industrial'><img decoding=\"async\" fetchpriority=\"high\" class='wp-image-514 avia-img-lazy-loading-not-514 avia_image ' src=\"https:\/\/doorfrig.com\/wp-content\/uploads\/2016\/11\/puerta-pivotante-dp2-3.jpg\" alt='Puerta Pivotante DP2 | Industrial' title='Puerta Pivotante DP2 | Industrial'  height=\"225\" width=\"400\"  itemprop=\"thumbnailUrl\" srcset=\"https:\/\/doorfrig.com\/wp-content\/uploads\/2016\/11\/puerta-pivotante-dp2-3.jpg 400w, https:\/\/doorfrig.com\/wp-content\/uploads\/2016\/11\/puerta-pivotante-dp2-3-300x169.jpg 300w\" sizes=\"(max-width: 400px) 100vw, 400px\" \/><\/a><\/div><\/div><\/div><\/p><\/div>\n\n<style type=\"text\/css\" data-created_by=\"avia_inline_auto\" id=\"style-css-av-av_heading-2b759c1fe0a37bf6a079a3a3c8725eaf\">\n#top .av-special-heading.av-av_heading-2b759c1fe0a37bf6a079a3a3c8725eaf{\npadding-bottom:0;\n}\nbody .av-special-heading.av-av_heading-2b759c1fe0a37bf6a079a3a3c8725eaf .av-special-heading-tag .heading-char{\nfont-size:25px;\n}\n.av-special-heading.av-av_heading-2b759c1fe0a37bf6a079a3a3c8725eaf .av-subheading{\nfont-size:15px;\n}\n<\/style>\n<div  class='av-special-heading av-av_heading-2b759c1fe0a37bf6a079a3a3c8725eaf av-special-heading-h2 blockquote modern-quote  avia-builder-el-14  el_after_av_one_half  el_before_av_hr '><h2 class='av-special-heading-tag '  itemprop=\"headline\"  >Informations et d\u00e9tails techniques<\/h2><div class=\"special-heading-border\"><div class=\"special-heading-inner-border\"><\/div><\/div><\/div>\n<div  class='hr av-av_hr-dcd2069817a0e3d34ae04cad8f3443c7 hr-default  avia-builder-el-15  el_after_av_heading  el_before_av_tab_container '><span class='hr-inner '><span class=\"hr-inner-style\"><\/span><\/span><\/div>\n<div  class='tabcontainer av-av_tab_container-0bacd910096d11a3cec6dfb538798966 top_tab  avia-builder-el-16  el_after_av_hr  el_before_av_image '>\n<section class='av_tab_section av_tab_section av-av_tab-0f90f104247f504fd66f191cae209e61'  itemscope=\"itemscope\" itemtype=\"https:\/\/schema.org\/CreativeWork\" ><div id='tab-id-1-tab' class='tab active_tab' role='tab' aria-selected=\"true\" tabindex=\"0\" data-fake-id='#tab-id-1' aria-controls='tab-id-1-content'  itemprop=\"headline\" ><span class='tab_icon' aria-hidden='true' data-av_icon='\ue84b' data-av_iconfont='entypo-fontello'><\/span>Cadre<\/div><div id='tab-id-1-content' class='tab_content active_tab_content' role='tabpanel' aria-labelledby='tab-id-1-tab' aria-hidden=\"false\"><div class='tab_inner_content invers-color'  itemprop=\"text\" ><h3>Cadre<\/h3>\n<hr \/>\n<table>\n<tbody>\n<tr style=\"color: #010001;\">\n<td style=\"background: #a5b3d7;\" width=\"15%\"><strong>PROFIL\u00c9<\/strong><\/td>\n<td style=\"background: #e8ecf5;\">\n<ul>\n<li>Cadre et chambranle en aluminium extrud\u00e9 blanc laqu\u00e9.<\/li>\n<li>Traitement de haute r\u00e9sistance \u00e0 la corrosion.<\/li>\n<li>Double rupture de pont thermique.<\/li>\n<li>Fix\u00e9 par des vis cach\u00e9es et adaptables \u00e0 diff\u00e9rentes \u00e9paisseurs.<\/li>\n<\/ul>\n<\/td>\n<\/tr>\n<tr style=\"color: #010001;\">\n<td style=\"background: #a5b3d7;\"><strong>MARCHE-PIED<\/strong><\/td>\n<td style=\"background: #e8ecf5;\">\n<ul>\n<li>Profil\u00e9 en aluminium renforc\u00e9, avec espace pour r\u00e9sistance antigel (Basse Temp\u00e9rature).<\/li>\n<li>R\u00e9sistance \u00e0 pouvoir calorifique \u00e9lev\u00e9e (temp\u00e9ratures jusqu\u00b4\u00e0 -20 \u00b0C)<\/li>\n<\/ul>\n<\/td>\n<\/tr>\n<\/tbody>\n<\/table>\n<\/div><\/div><\/section>\n<section class='av_tab_section av_tab_section av-av_tab-ab97900f8512709b775c7ad2355f23e0'  itemscope=\"itemscope\" itemtype=\"https:\/\/schema.org\/CreativeWork\" ><div id='tab-id-2-tab' class='tab' role='tab' aria-selected=\"false\" tabindex=\"0\" data-fake-id='#tab-id-2' aria-controls='tab-id-2-content'  itemprop=\"headline\" ><span class='tab_icon' aria-hidden='true' data-av_icon='\ue84b' data-av_iconfont='entypo-fontello'><\/span>Battant<\/div><div id='tab-id-2-content' class='tab_content' role='tabpanel' aria-labelledby='tab-id-2-tab' aria-hidden=\"true\"><div class='tab_inner_content invers-color'  itemprop=\"text\" ><h3>Battant<\/h3>\n<hr \/>\n<table>\n<tbody>\n<tr style=\"color: #010001;\">\n<td style=\"background: #a5b3d7;\" width=\"15%\"><strong>PROFIL\u00c9<\/strong><\/td>\n<td style=\"background: #e8ecf5;\">\n<ul>\n<li>Aluminium extrud\u00e9 anodis\u00e9 (inox).<\/li>\n<li>Traitement haute r\u00e9sistance \u00e0 la corrosion.<\/li>\n<li>Avec rupture de pont thermique.<\/li>\n<\/ul>\n<\/td>\n<\/tr>\n<tr style=\"color: #010001;\">\n<td style=\"background: #a5b3d7;\"><strong>ISOLATION<\/strong><\/td>\n<td style=\"background: #e8ecf5;\">\n<ul>\n<li>Mousse de polyur\u00e9thane de type B2, ayant un pouvoir isolant \u00e9lev\u00e9.<\/li>\n<li>Classification de r\u00e9action au feu Bs1d0.<\/li>\n<\/ul>\n<\/td>\n<\/tr>\n<tr style=\"color: #010001;\">\n<td style=\"background: #a5b3d7;\"><strong>\u00c9PAISSEURS<\/strong><\/td>\n<td style=\"background: #e8ecf5;\">\n<ul>\n<li>80 mm (r\u00e9frig\u00e9ration).<\/li>\n<li>100 mm (cong\u00e9lation jusqu\u00b4\u00e0 -15\u00b0C).<\/li>\n<li>150 mm (cong\u00e9lation jusqu\u00b4\u00e0 -20\u00b0C).<\/li>\n<\/ul>\n<\/td>\n<\/tr>\n<tr style=\"color: #010001;\">\n<td style=\"background: #a5b3d7;\"><strong>PLAQUE<\/strong><\/td>\n<td style=\"background: #e8ecf5;\">\n<ul>\n<li>\u00c9paisseur 0,6 mm.<\/li>\n<li>Acier galvanis\u00e9 et laqu\u00e9 en blanc 1006.<\/li>\n<\/ul>\n<\/td>\n<\/tr>\n<tr style=\"color: #010001;\">\n<td style=\"background: #a5b3d7;\"><strong>BOURRELET<\/strong><\/td>\n<td style=\"background: #e8ecf5;\">\n<ul>\n<li>Tr\u00e8s souple, de double alv\u00e9ole et r\u00e9sistant aux temp\u00e9ratures n\u00e9gatives.<\/li>\n<\/ul>\n<\/td>\n<\/tr>\n<\/tbody>\n<\/table>\n<\/div><\/div><\/section>\n<section class='av_tab_section av_tab_section av-av_tab-9d05e52cba930781a9f60bfd76f53218'  itemscope=\"itemscope\" itemtype=\"https:\/\/schema.org\/CreativeWork\" ><div id='tab-id-3-tab' class='tab' role='tab' aria-selected=\"false\" tabindex=\"0\" data-fake-id='#tab-id-3' aria-controls='tab-id-3-content'  itemprop=\"headline\" ><span class='tab_icon' aria-hidden='true' data-av_icon='\ue84b' data-av_iconfont='entypo-fontello'><\/span>Ferrure<\/div><div id='tab-id-3-content' class='tab_content' role='tabpanel' aria-labelledby='tab-id-3-tab' aria-hidden=\"true\"><div class='tab_inner_content invers-color'  itemprop=\"text\" ><h3>Ferrure<\/h3>\n<hr \/>\n<table>\n<tbody>\n<tr style=\"color: #010001;\">\n<td style=\"background: #a5b3d7;\" width=\"15%\"><strong>OUVERTURE<\/strong><\/td>\n<td style=\"background: #e8ecf5;\">\n<ul>\n<li>Charni\u00e8res en aluminium laqu\u00e9, r\u00e9guli\u00e8res, avec rampes d\u00b4\u00e9l\u00e9vation et axe en acier inoxydable.<\/li>\n<li>Poign\u00e9e ext\u00e9rieure en aluminium laqu\u00e9 de type levier avec deux points de levier.<\/li>\n<li>Poign\u00e9e int\u00e9rieure en aluminium laqu\u00e9 de type levier avec des r\u00e9fl\u00e9chissants distinctifs.<\/li>\n<li>Tr\u00e8s r\u00e9sistante, con\u00e7ue pour un usage industriel.<\/li>\n<\/ul>\n<\/td>\n<\/tr>\n<tr style=\"color: #010001;\">\n<td style=\"background: #a5b3d7;\"><strong>VISSERIE<\/strong><\/td>\n<td style=\"background: #e8ecf5;\">\n<ul>\n<li>Acier inoxydable A2.<\/li>\n<\/ul>\n<\/td>\n<\/tr>\n<\/tbody>\n<\/table>\n<\/div><\/div><\/section>\n<section class='av_tab_section av_tab_section av-av_tab-f80a6eef771b6db3edbfa1072ea8555a'  itemscope=\"itemscope\" itemtype=\"https:\/\/schema.org\/CreativeWork\" ><div id='tab-id-4-tab' class='tab' role='tab' aria-selected=\"false\" tabindex=\"0\" data-fake-id='#tab-id-4' aria-controls='tab-id-4-content'  itemprop=\"headline\" ><span class='tab_icon' aria-hidden='true' data-av_icon='\ue8a5' data-av_iconfont='entypo-fontello'><\/span>Options<\/div><div id='tab-id-4-content' class='tab_content' role='tabpanel' aria-labelledby='tab-id-4-tab' aria-hidden=\"true\"><div class='tab_inner_content invers-color'  itemprop=\"text\" ><h3>Options<\/h3>\n<hr \/>\n<ul>\n<li>Serrure \u00e0 cl\u00e9 avec d\u00e9verrouillage int\u00e9rieur (possibilit\u00e9 d\u00b4une m\u00eame cl\u00e9 pour plusieurs portes).<\/li>\n<li>Protection de la zone inf\u00e9rieure du battant en aluminium en damier, acier inoxydable ou poly\u00e9thyl\u00e8ne de 5 mm.<\/li>\n<li>Viseur fixe avec verre type climalit.<\/li>\n<li>Finitions diverses en t\u00f4le laqu\u00e9e (bleu, rouge, vert, gris, etc.), acier inoxydable, pvc, polyester, etc.<\/li>\n<li>Cadre avec un espace permettant le passage de voies d\u00b4a\u00e9ration.<\/li>\n<\/ul>\n<\/div><\/div><\/section>\n<section class='av_tab_section av_tab_section av-av_tab-40594799720b8602042aa2d0f01c2ee0'  itemscope=\"itemscope\" itemtype=\"https:\/\/schema.org\/CreativeWork\" ><div id='tab-id-5-tab' class='tab' role='tab' aria-selected=\"false\" tabindex=\"0\" data-fake-id='#tab-id-5' aria-controls='tab-id-5-content'  itemprop=\"headline\" ><span class='tab_icon' aria-hidden='true' data-av_icon='\ue82d' data-av_iconfont='entypo-fontello'><\/span>T\u00e9l\u00e9charger fiche technique<\/div><div id='tab-id-5-content' class='tab_content' role='tabpanel' aria-labelledby='tab-id-5-tab' aria-hidden=\"true\"><div class='tab_inner_content invers-color'  itemprop=\"text\" ><h3><strong>T\u00e9l\u00e9charger la fiche technique<\/strong><\/h3>\n<hr \/>\n<p>Nous vous offrons la possibilit\u00e9 de t\u00e9l\u00e9charger la fiche compl\u00e8te de cette Porte Pivotante DP2. Si vous aviez un doute quelconque concernant ce produit h\u00e9sitez pas \u00e0 nous en faire parte en entrant en nous contactant \u00e0 travers <a href=\"https:\/\/doorfrig.com\/fr\/contact\/\">la partie &#8220;contactez-nous&#8221;<\/a>.<\/p>\n<div  class='avia-button-wrap av-av_button-a9e830be41ee29ffb3fe03e2a90f1abc-wrap avia-button-center  avia-builder-el-17  avia-builder-el-no-sibling '><a href='https:\/\/doorfrig.com\/wp-content\/uploads\/2017\/02\/fiche-technique-DP2.pdf' class='avia-button av-av_button-a9e830be41ee29ffb3fe03e2a90f1abc av-link-btn avia-icon_select-yes-left-icon avia-size-large avia-position-center avia-color-theme-color' target=\"_blank\" rel=\"noopener noreferrer\" aria-label=\"T\u00e9l\u00e9charger la fiche technique\"><span class='avia_button_icon avia_button_icon_left' aria-hidden='true' data-av_icon='\ue82d' data-av_iconfont='entypo-fontello'><\/span><span class='avia_iconbox_title' >T\u00e9l\u00e9charger la fiche technique<\/span><\/a><\/div>\n<\/div><\/div><\/section>\n<\/div>\n\n<style type=\"text\/css\" data-created_by=\"avia_inline_auto\" id=\"style-css-av-av_image-b508b777499afad1c5acabc48b244bf9\">\n.avia-image-container.av-av_image-b508b777499afad1c5acabc48b244bf9 img.avia_image{\nbox-shadow:none;\n}\n.avia-image-container.av-av_image-b508b777499afad1c5acabc48b244bf9 .av-image-caption-overlay-center{\ncolor:#ffffff;\n}\n<\/style>\n<div  class='avia-image-container av-av_image-b508b777499afad1c5acabc48b244bf9 av-styling- av-img-linked avia-align-center  avia-builder-el-18  el_after_av_tab_container  avia-builder-el-last '   itemprop=\"image\" itemscope=\"itemscope\" itemtype=\"https:\/\/schema.org\/ImageObject\" ><div class=\"avia-image-container-inner\"><div class=\"avia-image-overlay-wrap\"><a href=\"https:\/\/doorfrig.com\/fr\/contact\/\" class='avia_image '  aria-label='Servicio Express | Puertas C\u00e1maras Frigor\u00edficas'><img decoding=\"async\" fetchpriority=\"high\" class='wp-image-1877 avia-img-lazy-loading-not-1877 avia_image ' src=\"https:\/\/doorfrig.com\/wp-content\/uploads\/2017\/02\/Banner-bottom-FR.jpg\" alt='Servicio Express | Puertas C\u00e1maras Frigor\u00edficas' title='Servicio Express | Puertas C\u00e1maras Frigor\u00edficas'  height=\"150\" width=\"883\"  itemprop=\"thumbnailUrl\" srcset=\"https:\/\/doorfrig.com\/wp-content\/uploads\/2017\/02\/Banner-bottom-FR.jpg 883w, https:\/\/doorfrig.com\/wp-content\/uploads\/2017\/02\/Banner-bottom-FR-300x51.jpg 300w, https:\/\/doorfrig.com\/wp-content\/uploads\/2017\/02\/Banner-bottom-FR-768x130.jpg 768w, https:\/\/doorfrig.com\/wp-content\/uploads\/2017\/02\/Banner-bottom-FR-705x120.jpg 705w, https:\/\/doorfrig.com\/wp-content\/uploads\/2017\/02\/Banner-bottom-FR-450x76.jpg 450w\" sizes=\"(max-width: 883px) 100vw, 883px\" \/><\/a><\/div><\/div><\/div>\n","protected":false},"excerpt":{"rendered":"","protected":false},"author":1,"featured_media":0,"parent":732,"menu_order":0,"comment_status":"closed","ping_status":"closed","template":"","meta":{"footnotes":""},"class_list":["post-729","page","type-page","status-publish","hentry"],"_links":{"self":[{"href":"https:\/\/doorfrig.com\/fr\/wp-json\/wp\/v2\/pages\/729","targetHints":{"allow":["GET"]}}],"collection":[{"href":"https:\/\/doorfrig.com\/fr\/wp-json\/wp\/v2\/pages"}],"about":[{"href":"https:\/\/doorfrig.com\/fr\/wp-json\/wp\/v2\/types\/page"}],"author":[{"embeddable":true,"href":"https:\/\/doorfrig.com\/fr\/wp-json\/wp\/v2\/users\/1"}],"replies":[{"embeddable":true,"href":"https:\/\/doorfrig.com\/fr\/wp-json\/wp\/v2\/comments?post=729"}],"version-history":[{"count":2,"href":"https:\/\/doorfrig.com\/fr\/wp-json\/wp\/v2\/pages\/729\/revisions"}],"predecessor-version":[{"id":3474,"href":"https:\/\/doorfrig.com\/fr\/wp-json\/wp\/v2\/pages\/729\/revisions\/3474"}],"up":[{"embeddable":true,"href":"https:\/\/doorfrig.com\/fr\/wp-json\/wp\/v2\/pages\/732"}],"wp:attachment":[{"href":"https:\/\/doorfrig.com\/fr\/wp-json\/wp\/v2\/media?parent=729"}],"curies":[{"name":"wp","href":"https:\/\/api.w.org\/{rel}","templated":true}]}}