{"id":686,"date":"2017-02-15T11:11:11","date_gmt":"2017-02-15T10:11:11","guid":{"rendered":"http:\/\/doorfrig.com\/?page_id=686\/"},"modified":"2017-02-15T11:11:54","modified_gmt":"2017-02-15T10:11:54","slug":"contact","status":"publish","type":"page","link":"https:\/\/doorfrig.com\/fr\/contact\/","title":{"rendered":"Contact"},"content":{"rendered":"\n<style type=\"text\/css\" data-created_by=\"avia_inline_auto\" id=\"style-css-av-av_image-bf9fd9602472bb19054c5a6f84a7e6d0\">\n.avia-image-container.av-av_image-bf9fd9602472bb19054c5a6f84a7e6d0 img.avia_image{\nbox-shadow:none;\n}\n.avia-image-container.av-av_image-bf9fd9602472bb19054c5a6f84a7e6d0 .av-image-caption-overlay-center{\ncolor:#ffffff;\n}\n<\/style>\n<div  class='avia-image-container av-av_image-bf9fd9602472bb19054c5a6f84a7e6d0 av-styling- avia-align-center  avia-builder-el-0  el_before_av_heading  avia-builder-el-first '   itemprop=\"image\" itemscope=\"itemscope\" itemtype=\"https:\/\/schema.org\/ImageObject\" ><div class=\"avia-image-container-inner\"><div class=\"avia-image-overlay-wrap\"><img decoding=\"async\" fetchpriority=\"high\" class='wp-image-214 avia-img-lazy-loading-not-214 avia_image ' src=\"https:\/\/doorfrig.com\/wp-content\/uploads\/2016\/09\/demo-puertas-frigorificas.jpg\" alt='Puertas frigor\u00edficas Doorfrig' title='Puertas frigor\u00edficas Doorfrig'  height=\"200\" width=\"833\"  itemprop=\"thumbnailUrl\" srcset=\"https:\/\/doorfrig.com\/wp-content\/uploads\/2016\/09\/demo-puertas-frigorificas.jpg 833w, https:\/\/doorfrig.com\/wp-content\/uploads\/2016\/09\/demo-puertas-frigorificas-300x72.jpg 300w, https:\/\/doorfrig.com\/wp-content\/uploads\/2016\/09\/demo-puertas-frigorificas-768x184.jpg 768w, https:\/\/doorfrig.com\/wp-content\/uploads\/2016\/09\/demo-puertas-frigorificas-705x169.jpg 705w, https:\/\/doorfrig.com\/wp-content\/uploads\/2016\/09\/demo-puertas-frigorificas-450x108.jpg 450w\" sizes=\"(max-width: 833px) 100vw, 833px\" \/><\/div><\/div><\/div>\n\n<style type=\"text\/css\" data-created_by=\"avia_inline_auto\" id=\"style-css-av-av_heading-6eccbb9bef3d824134412ddfa23a7179\">\n#top .av-special-heading.av-av_heading-6eccbb9bef3d824134412ddfa23a7179{\npadding-bottom:10px;\n}\nbody .av-special-heading.av-av_heading-6eccbb9bef3d824134412ddfa23a7179 .av-special-heading-tag .heading-char{\nfont-size:25px;\n}\n.av-special-heading.av-av_heading-6eccbb9bef3d824134412ddfa23a7179 .av-subheading{\nfont-size:15px;\n}\n<\/style>\n<div  class='av-special-heading av-av_heading-6eccbb9bef3d824134412ddfa23a7179 av-special-heading-h2  avia-builder-el-1  el_after_av_image  el_before_av_textblock '><h2 class='av-special-heading-tag '  itemprop=\"headline\"  >Un doute ? Contactez-nous<\/h2><div class=\"special-heading-border\"><div class=\"special-heading-inner-border\"><\/div><\/div><\/div>\n<section  class='av_textblock_section av-av_textblock-0366cc7376be6c9e82a3e9cc8987b64f '   itemscope=\"itemscope\" itemtype=\"https:\/\/schema.org\/CreativeWork\" ><div class='avia_textblock'  itemprop=\"text\" ><p>Chez Doorfrig, notre plus grande priorit\u00e9 est la satisfaction de nos clients, et pour cela nous offrons des m\u00e9thodes de contacts pour r\u00e9soudre les doutes et les incidences qui peuvent survenir \u00e0 ceux qui nous font confiance.<\/p>\n<\/div><\/section>\n\n<style type=\"text\/css\" data-created_by=\"avia_inline_auto\" id=\"style-css-av-av_one_half-6126cab7d8fab8d08143dd2dacdf673c\">\n.flex_column.av-av_one_half-6126cab7d8fab8d08143dd2dacdf673c{\nborder-radius:0px 0px 0px 0px;\npadding:0px 0px 0px 0px;\n}\n<\/style>\n<div  class='flex_column av-av_one_half-6126cab7d8fab8d08143dd2dacdf673c av_one_half  avia-builder-el-3  el_after_av_textblock  el_before_av_one_half  first flex_column_div av-zero-column-padding  column-top-margin'     ><p>\n<style type=\"text\/css\" data-created_by=\"avia_inline_auto\" id=\"style-css-av-av_heading-881428ba8f231247c79f9c8eab7c9c11\">\n#top .av-special-heading.av-av_heading-881428ba8f231247c79f9c8eab7c9c11{\npadding-bottom:30px;\n}\nbody .av-special-heading.av-av_heading-881428ba8f231247c79f9c8eab7c9c11 .av-special-heading-tag .heading-char{\nfont-size:25px;\n}\n.av-special-heading.av-av_heading-881428ba8f231247c79f9c8eab7c9c11 .av-subheading{\nfont-size:15px;\n}\n<\/style>\n<div  class='av-special-heading av-av_heading-881428ba8f231247c79f9c8eab7c9c11 av-special-heading-h3  avia-builder-el-4  el_before_av_codeblock  avia-builder-el-first '><h3 class='av-special-heading-tag '  itemprop=\"headline\"  >Formulaire de contact<\/h3><div class=\"special-heading-border\"><div class=\"special-heading-inner-border\"><\/div><\/div><\/div><br \/>\n<\/p><\/div>\n<style type=\"text\/css\" data-created_by=\"avia_inline_auto\" id=\"style-css-av-av_one_half-0aa7055fe62c3622faec82866afbaeb2\">\n.flex_column.av-av_one_half-0aa7055fe62c3622faec82866afbaeb2{\nborder-radius:0px 0px 0px 0px;\npadding:0px 0px 0px 0px;\n}\n<\/style>\n<div  class='flex_column av-av_one_half-0aa7055fe62c3622faec82866afbaeb2 av_one_half  avia-builder-el-6  el_after_av_one_half  avia-builder-el-last  flex_column_div av-zero-column-padding  column-top-margin'     ><p>\n<style type=\"text\/css\" data-created_by=\"avia_inline_auto\" id=\"style-css-av-av_heading-78960ed97043c1b037b9604cd6596380\">\n#top .av-special-heading.av-av_heading-78960ed97043c1b037b9604cd6596380{\npadding-bottom:5px;\n}\nbody .av-special-heading.av-av_heading-78960ed97043c1b037b9604cd6596380 .av-special-heading-tag .heading-char{\nfont-size:25px;\n}\n.av-special-heading.av-av_heading-78960ed97043c1b037b9604cd6596380 .av-subheading{\nfont-size:15px;\n}\n<\/style>\n<div  class='av-special-heading av-av_heading-78960ed97043c1b037b9604cd6596380 av-special-heading-h3  avia-builder-el-7  el_before_av_iconlist  avia-builder-el-first '><h3 class='av-special-heading-tag '  itemprop=\"headline\"  >Localisation et donn\u00e9es de contact<\/h3><div class=\"special-heading-border\"><div class=\"special-heading-inner-border\"><\/div><\/div><\/div><br \/>\n\n<style type=\"text\/css\" data-created_by=\"avia_inline_auto\" id=\"style-css-av-av_iconlist-b9370fc0156007ddbf70bbf79213fdba\">\n#top .avia-icon-list-container.av-av_iconlist-b9370fc0156007ddbf70bbf79213fdba .iconlist_icon{\ncolor:#00398b;\n}\n<\/style>\n<div  class='avia-icon-list-container av-av_iconlist-b9370fc0156007ddbf70bbf79213fdba  avia-builder-el-8  el_after_av_heading  el_before_av_codeblock '><ul class='avia-icon-list avia_animate_when_almost_visible avia-icon-list-left av-iconlist-small av-av_iconlist-b9370fc0156007ddbf70bbf79213fdba avia-iconlist-animate'>\n<li><div class='iconlist_icon av-av_iconlist_item-beac20c354bb7cd4016b0f36870e3bea avia-font-entypo-fontello'><span class='iconlist-char' aria-hidden='true' data-av_icon='\ue8ac' data-av_iconfont='entypo-fontello'><\/span><\/div><article class=\"article-icon-entry \"  itemscope=\"itemscope\" itemtype=\"https:\/\/schema.org\/CreativeWork\" ><div class=\"iconlist_content_wrap\"><header class=\"entry-content-header\" aria-label=\"Icon: T\u00e9l\u00e9phone de contact\"><div class='av_iconlist_title iconlist_title_small  '  itemprop=\"headline\" >T\u00e9l\u00e9phone de contact<\/div><\/header><div class='iconlist_content '  itemprop=\"text\" ><p>+34 854 537 920<\/p>\n<\/div><\/div><footer class=\"entry-footer\"><\/footer><\/article><div class=\"iconlist-timeline\"><\/div><\/li>\n<li><div class='iconlist_icon av-av_iconlist_item-eb70f734f5e1fcf43ee8474c7f1f287a avia-font-entypo-fontello'><span class='iconlist-char' aria-hidden='true' data-av_icon='\ue805' data-av_iconfont='entypo-fontello'><\/span><\/div><article class=\"article-icon-entry \"  itemscope=\"itemscope\" itemtype=\"https:\/\/schema.org\/CreativeWork\" ><div class=\"iconlist_content_wrap\"><header class=\"entry-content-header\" aria-label=\"Icon: Courrier \u00e9lectronique\"><div class='av_iconlist_title iconlist_title_small  '  itemprop=\"headline\" >Courrier \u00e9lectronique<\/div><\/header><div class='iconlist_content '  itemprop=\"text\" ><p>doorfrig@doorfrig.com<\/p>\n<\/div><\/div><footer class=\"entry-footer\"><\/footer><\/article><div class=\"iconlist-timeline\"><\/div><\/li>\n<li><div class='iconlist_icon av-av_iconlist_item-fa6675fcb4c503e0d59cd837a687f6ff avia-font-entypo-fontello'><span class='iconlist-char' aria-hidden='true' data-av_icon='\ue842' data-av_iconfont='entypo-fontello'><\/span><\/div><article class=\"article-icon-entry \"  itemscope=\"itemscope\" itemtype=\"https:\/\/schema.org\/CreativeWork\" ><div class=\"iconlist_content_wrap\"><header class=\"entry-content-header\" aria-label=\"Icon: Adresse\"><div class='av_iconlist_title iconlist_title_small  '  itemprop=\"headline\" >Adresse<\/div><\/header><div class='iconlist_content '  itemprop=\"text\" ><p>Avenida de Los D\u00f3lmenes, 6 41907, Valencina de la Concepci\u00f3n, Sevilla.<\/p>\n<\/div><\/div><footer class=\"entry-footer\"><\/footer><\/article><div class=\"iconlist-timeline\"><\/div><\/li>\n<\/ul><\/div><br \/>\n<\/p><\/div><\/p>\n","protected":false},"excerpt":{"rendered":"","protected":false},"author":1,"featured_media":0,"parent":0,"menu_order":0,"comment_status":"closed","ping_status":"closed","template":"","meta":{"footnotes":""},"class_list":["post-686","page","type-page","status-publish","hentry"],"_links":{"self":[{"href":"https:\/\/doorfrig.com\/fr\/wp-json\/wp\/v2\/pages\/686","targetHints":{"allow":["GET"]}}],"collection":[{"href":"https:\/\/doorfrig.com\/fr\/wp-json\/wp\/v2\/pages"}],"about":[{"href":"https:\/\/doorfrig.com\/fr\/wp-json\/wp\/v2\/types\/page"}],"author":[{"embeddable":true,"href":"https:\/\/doorfrig.com\/fr\/wp-json\/wp\/v2\/users\/1"}],"replies":[{"embeddable":true,"href":"https:\/\/doorfrig.com\/fr\/wp-json\/wp\/v2\/comments?post=686"}],"version-history":[{"count":0,"href":"https:\/\/doorfrig.com\/fr\/wp-json\/wp\/v2\/pages\/686\/revisions"}],"wp:attachment":[{"href":"https:\/\/doorfrig.com\/fr\/wp-json\/wp\/v2\/media?parent=686"}],"curies":[{"name":"wp","href":"https:\/\/api.w.org\/{rel}","templated":true}]}}