{"id":681,"date":"2017-02-15T10:20:28","date_gmt":"2017-02-15T09:20:28","guid":{"rendered":"http:\/\/doorfrig.com\/?page_id=681\/"},"modified":"2017-06-01T08:32:07","modified_gmt":"2017-06-01T06:32:07","slug":"avis-legal","status":"publish","type":"page","link":"https:\/\/doorfrig.com\/fr\/avis-legal\/","title":{"rendered":"Avis l\u00e9gal"},"content":{"rendered":"<h2><strong>Avis l\u00e9gal<\/strong> www.doorfrig.com<\/h2>\n<p>Avenida de Los D\u00f3lmenes, 6<br \/>\n41907, Valencina de la Concepci\u00f3n, Sevilla<\/p>\n<p>T\u00e9l\u00e9phone : + 34 854 537 920<br \/>\nCourrier \u00e9lectronique: doorfrig@doorfrig.com<br \/>\nCIF: B90272725<\/p>\n<h3>1. Objet du site internet<\/h3>\n<p>L\u00b4Avis Juridique pr\u00e9sent recueille les conditions d\u2019utilisation g\u00e9n\u00e9rale des services offerts par l\u00b4URL www.doorfrig.com (ci-apr\u00e8s d\u00e9nomm\u00e9 le SITE) avec les utilisateurs (ci-apr\u00e8s d\u00e9nomm\u00e9, l\u2019UTILISATEUR), du SITE.<\/p>\n<p>Le propri\u00e9taire de ce site web et de son contenu est Doorfrig, \u00e9tant le titulaire du nom de domaine www.doorfrig.com. Les informations de contact sont pr\u00e9sent\u00e9es \u00e0 l\u2019en-t\u00eate de cette section.<\/p>\n<p>Par le biais du SITE, il est mis \u00e0 disposition des usagers l\u00b4acc\u00e8s et l\u00b4utilisation de divers services et contenus \u00e0 travers sa page internet. Ces contenus, quelle que soit leur nature, peuvent \u00eatre g\u00e9n\u00e9r\u00e9s aussi bien de la part de www.doorfrig.com,que de tierces personnes.<\/p>\n<p>La fourniture de toutes ces informations et contenus, ainsi que la possibilit\u00e9 d\u00b4y acc\u00e9der, se pr\u00e9sente de fa\u00e7on gratuite pour l\u2019UTILISATEUR, en marge des services qui peuvent \u00eatre souscrits.<\/p>\n<h3>2. Acc\u00e8s et utilisation du site internet<\/h3>\n<p>Par le fait de naviguer dans le SITE, toute personne acquiert la qualit\u00e9 d\u2019UTILISATEUR. Aussi bien la navigation que l\u2019utilisation du SITE et\/ou l\u2019utilisation de quelque service du SITE, implique et entraine l\u2019acceptation de la qualit\u00e9 d\u00b4UTILISATEUR, sans r\u00e9serve d\u00b4aucun type , de toutes et de chacune des pr\u00e9sentes Conditions G\u00e9n\u00e9rales d\u2019Utilisation comprise dans le pr\u00e9sent Avis Juridique. En tant qu\u2019UTILISATEUR du SITE vous d\u00e9clarez, garantissez et promettez que : (a) vous poss\u00e9dez la capacit\u00e9 juridique de faire partie du pr\u00e9sent accord ; (b) vous \u00eates \u00e2g\u00e9(e) de dix-huit ans ou plus ; (c) vous n\u00b4utiliserez aucun des droits qui vous sont conc\u00e9d\u00e9s dans le pr\u00e9sent Avis Juridique \u00e0 des fins illicites ; et (d) vous utiliserez le service que dans la fa\u00e7on qui est \u00e9tablie dans le pr\u00e9sent Avis Juridique.<\/p>\n<p>Nous informons \u00e9galement les UTILISATEURS de ce SITE que ces Conditions G\u00e9n\u00e9rales d\u2019Utilisation peuvent \u00eatre modifi\u00e9es sans avis pr\u00e9alable. Par cons\u00e9quent, l\u2019UTILISATEUR est tenu de lire attentivement le pr\u00e9sent Avis Juridique \u00e0 chacune des occasions qu\u00b4il s appr\u00eate \u00e0 utiliser le SITE, puisque celui-ci peut subir des modifications.<\/p>\n<p>Pour acc\u00e9der \u00e0 certains contenus du SITE, le t\u00e9l\u00e9chargement et l\u2019installation sur l\u2019ordinateur de l\u2019UTILISATEUR de certains programmes et de leurs composants pourrait \u00eatre n\u00e9cessaire. Tout t\u00e9l\u00e9chargement et installation seront \u00e0 charge de l\u2019UTILISATEUR, excluant ainsi toute responsabilit\u00e9 du SITE.<\/p>\n<p>Le PORTAIL, dont le temps de vigueur est ind\u00e9termin\u00e9, se r\u00e9serve le droit de cesser de fournir ses services sans cause ni raison justifi\u00e9e et sans avis pr\u00e9alable.<\/p>\n<h3>3. Contenus<\/h3>\n<p>Tout le mat\u00e9riel pr\u00e9sent\u00e9 sur le site internet, aussi bien textuel que visuel, ainsi que son propre code de programmation, est prot\u00e9g\u00e9 par ses cr\u00e9ateurs respectifs, en vertu des lois relatives \u00e0 la Propri\u00e9t\u00e9 Intellectuelle et Industrielle, que ce soit\u00a0 \u00e0 l\u2019\u00e9chelle nationale que dans leurs pays respectifs.<\/p>\n<p>L\u2019utilisation du contenu de ce site internet doit \u00eatre effectu\u00e9 \u00e0 caract\u00e8re personnel\u00a0 , toute autre utilisation impliquant la copie, la reproduction, la distribution, la transformation, la communication publique ou toute autre action similaire , de tout ou partie du contenu du site, ne sera pas et devra \u00eatre demand\u00e9e par \u00e9crit au SITE (voir l\u2019en-t\u00eate du document) ou aux cr\u00e9ateurs correspondants aux documents demand\u00e9s.<\/p>\n<p>De cette fa\u00e7on, aucun UTILISATEUR ne pourra mener ces activit\u00e9s sans autorisation pr\u00e9alable et \u00e9crite du SITE ou du tierce propri\u00e9taire des Droits de Propri\u00e9t\u00e9 Intellectuelle ou Industrielle.<\/p>\n<p>Tous les liens, ainsi que les liens hypertexte qui conduisent au site internet www.doorfrig.com Web ne pourront en aucun cas montrer, de mani\u00e8re directe ou indirecte, d\u00b4indications fausses, inexactes ou confuses. De la m\u00eame mani\u00e8re, le SITE n\u2019est pas responsable du fait que les liens externes soient toujours op\u00e9rationnels ni de la vitesse d\u2019acc\u00e8s aux pages reli\u00e9es.<\/p>\n<p>Le SITE consacre toute son attention ainsi que tous les logiciels et le mat\u00e9riel disponible \u00e0 garantir la s\u00e9curit\u00e9 et l\u00b4absence de virus informatique dans ses syst\u00e8mes. Par cons\u00e9quent, Le SITE se d\u00e9gage de toute responsabilit\u00e9 portant sur des virus informatiques ou d\u00b4autres types de programmes informatiques qui endommagent les ordinateurs des utilisateurs qui acc\u00e8dent aux sites internet par le biais de liens mis \u00e0 la disposition des usagers de www.doorfrig.com.<\/p>\n<h3>4. Utilisateurs<\/h3>\n<p>L\u2019UTILISATEUR s\u2019engage ne pas \u00e0 utiliser le ou les services offerts pour la r\u00e9alisation d\u00b4activit\u00e9s contraires \u00e0 la l\u00e9gislation en vigueur, \u00e0 la morale, \u00e0 l\u2019ordre public et, en g\u00e9n\u00e9ral, \u00e0 en faire un usage conforme \u00e0 la bonne foi contractuelle.<\/p>\n<p>L\u2019utilisation du contenu et des services de ce SITE implique l\u2019acceptation de ces conditions et lois, et peut faire l\u00b4objet, en cas contraire, d\u00b4actions l\u00e9gales correspondantes, qui seront trait\u00e9es dans les tribunaux comp\u00e9tents \u00e0 cet effet.<\/p>\n<p>Le SITE met \u00e0 disposition de l\u2019UTILISATEUR un moyen de communication effectif avec Doorfrig par courriel, ce pourquoi l\u2019UTILISATEUR s\u2019engage \u00e0 faire usage de ce canal de communication conform\u00e9ment \u00e0 la loi, aux bonnes m\u0153urs et \u00e0 l\u00b4ordre public.<\/p>\n<p>L\u00b4acc\u00e8s aux contenus du SITE de la part de l\u2019UTILISATEUR, se fera sous sa propre responsabilit\u00e9 et il ne pourra en aucun cas se r\u00e9percuter sur Doorfrig quelque cons\u00e9quence que ce soit, issue directement ou indirectement de l\u2019acc\u00e8s au SITE, que ce soit du domaine physique, logique, moral ou personnel. Le SITE pourra responsabiliser les utilisateurs qui, faisant un mauvais usage du site internet, causent des dommages ou des pr\u00e9judices \u00e0 des tierces personnes, ainsi que les virus informatiques possibles ou les programmes informatiques pouvant s\u00b4introduire, se g\u00e9n\u00e9rer, ou se loger dans le site internet et qui endommager ou puissent endommager aussi bien le fonctionnement que les contenus, ainsi que les ordinateurs, les syst\u00e8mes et les programmes des utilisateurs du site internet.<\/p>\n<h3>5. Politique de confidentialit\u00e9<\/h3>\n<h4>5.1. Introduction \u00e0 la politique de confidentialit\u00e9<\/h4>\n<p>Il est mis \u00e0 la disposition des utilisateurs les lignes g\u00e9n\u00e9rales de la Politique de Confidentialit\u00e9 d\u00e9velopp\u00e9e par le SITE.<\/p>\n<h4>5.2. Finalit\u00e9 et utilisation des donn\u00e9es<\/h4>\n<p>En raison de la libre navigation sur le SITE, il est entendu que l\u00b4UTILISATEUR fournira uniquement ses donn\u00e9es de mani\u00e8re totalement volontaire par le biais du formulaire de \u00ab Contact \u00bb.<\/p>\n<p>Dans ce cas, le SITE demandera uniquement les donn\u00e9es n\u00e9cessaires \u00e0 la prestation du service ou \u00e0 la communication sollicit\u00e9e. Pour ces cas et ceux qui sont d\u00e9crits dans le paragraphe suivant, l\u2019entit\u00e9 informe le client que le traitement des donn\u00e9es le concernant est effectu\u00e9 avec les buts suivants :<\/p>\n<p>Gestions r\u00e9alis\u00e9es afin de pr\u00e9parer des devis.<\/p>\n<p>Gestion de contrat de services.<\/p>\n<p>Gestions de la prestation de services.<\/p>\n<p>D\u00e9veloppement de statistiques et d\u00b4historiques en interne.<\/p>\n<p>R\u00e9alisation et r\u00e9ponse \u00e0 des communications sollicit\u00e9es par les int\u00e9ress\u00e9s.<\/p>\n<h4>5.3. Transfert de donn\u00e9es<\/h4>\n<p>Doorfrig ne pr\u00e9voit aucun transfert de donn\u00e9es, sauf ceux n\u00e9cessaires au respect de ses obligations avec les Administrations Publiques, le cas \u00e9ch\u00e9ant, ainsi que pour la prestation \u00e9ventuelle d\u2019un service ou de l\u2019extension d\u2019un autre pour le compte d\u2019un professionnel engag\u00e9 par Doorfrig.<\/p>\n<p>De cette fa\u00e7on, Doorfrig se fait uniquement responsable et garantit la confidentialit\u00e9 des donn\u00e9es personnelles fournies \u00e0 travers les formulaires situ\u00e9es sur son site internet. Doorfrig ne prend pas en charge la responsabilit\u00e9 du traitement des donn\u00e9es par des tiers qui puissent y avoir acc\u00e8s, avant le consentement des personnes concern\u00e9es, pour la prestation des services demand\u00e9s.<\/p>\n<h4>5.4. Qualit\u00e9 des donn\u00e9es<\/h4>\n<p>Le SITE communique aux utilisateurs leur obligation de mise \u00e0 jour correcte des donn\u00e9es fournies pour la prestation optimale de services. Ces donn\u00e9es doivent \u00eatre ad\u00e9quates, pertinentes, actuelles, pr\u00e9cises et vraies. La responsabilit\u00e9 du SITE n\u00b4est pas engag\u00e9e en ce qui concerne toutes les cons\u00e9quences n\u00e9gatives issues d\u00b4 inexactitudes dans les donn\u00e9es fournis par les utilisateurs des services pr\u00eat\u00e9s.<\/p>\n<p>De m\u00eame, il est communiqu\u00e9 aux utilisateurs l\u00b4impossibilit\u00e9 d\u00b4 inscrire et\/ou de communiquer des donn\u00e9es de tierces personnes en son nom, au moyen des formes de communication stipul\u00e9es, sauf s\u2019il existe une repr\u00e9sentation l\u00e9galement \u00e9tablie.<\/p>\n<h4>5.5. Droits d\u2019acc\u00e8s, d\u00b4opposition, de rectification et d\u00b4annulation des donn\u00e9es<\/h4>\n<p>Le SITE informe les utilisateurs de la possibilit\u00e9 d\u2019acc\u00e8s, de rectification, d\u00b4 annulation et d\u00b4opposition aux donn\u00e9es demand\u00e9es au moyen de deux fa\u00e7ons de proc\u00e9der :<\/p>\n<p>Par courriel adress\u00e9 \u00e0 la direction avec comme sujet \u00ab Droits donn\u00e9es \u00bb.<\/p>\n<h3>6. Limites de la responsabilit\u00e9 civile<\/h3>\n<p>Vous acceptez, \u00e0 vos propres frais, d\u00b4indemniser, de d\u00e9fendre et de prot\u00e9ger le SITE et ses employ\u00e9s, contre toute r\u00e9clamation, d\u00e9nonciation , plainte ou autre proc\u00e9dure judiciaire engag\u00e9e contre le SITE et ses employ\u00e9s, dans la mesure o\u00f9 ladite r\u00e9clamation, d\u00e9nonciation, plainte ou proc\u00e9dure l\u00e9gale soit fond\u00e9e ou surgisse par rapport au service ou \u00e0 tout lien s\u00b4y trouvant , comprenant , entre autres :<\/p>\n<p>&#8211; l\u2019utilisation faite par vous ou une autre personne qui utilise le service sur votre ordinateur ;<\/p>\n<p>&#8211; le non respect des conditions g\u00e9n\u00e9rales du pr\u00e9sent document, r\u00e9alis\u00e9 par vous ou par une autre personne qui utilise votre ordinateur ;<\/p>\n<p>&#8211; La r\u00e9clamation issue d\u00b4une utilisation par vous ou une autre personne qui enfreigne les droits de propri\u00e9t\u00e9 intellectuelle (tels que d\u00e9finis ici) de toute tierce partie, ou les droits de personnalit\u00e9 ou de publicit\u00e9, qui constitue un libell\u00e9, qui soit diffamatoire ou nuisible ou pr\u00e9judiciable \u00e0 des tiers ;<\/p>\n<p>&#8211; Toute omission, ajout, insertion ou modification, ou toute utilisation non autoris\u00e9e du service r\u00e9alis\u00e9 par vous ou par une personne utilisant votre ordinateur (le cas \u00e9ch\u00e9ant) ;<\/p>\n<p>&#8211; la falsification ou l\u2019alt\u00e9ration de la d\u00e9claration ou garantie faite par vous comprises dans le pr\u00e9sent document ;<\/p>\n<p>&#8211; la violation des promesses ou des accords conclus par vous ci-apr\u00e8s. Vous acceptez de payer tous les frais, les dommages et pr\u00e9judices, y compris, sans s\u2019y limiter, les frais raisonnables pour des services juridiques et les co\u00fbts encourus, li\u00e9s ou d\u00e9coulant de r\u00e9clamations, de plaintes ou d\u00b4autres proc\u00e9dures qui y soient li\u00e9es.<\/p>\n<h3>7. Juridiction<\/h3>\n<p>Les parties, renon\u00e7ant express\u00e9ment \u00e0 leur propre comp\u00e9tence, acceptent que la loi applicable au pr\u00e9sent contrat, soit la l\u00e9gislation espagnole, et se soumettent pour la r\u00e9solution de tout litige qui puisse en d\u00e9couler aux Cours de Justice et Tribunaux de S\u00e9ville.<\/p>\n<h2>Naviguer sur le Web (cookies)<\/h2>\n<h3>Informations sur les cookies.<\/h3>\n<p>Les cookies sont une petite quantit\u00e9 d\u2019informations envoy\u00e9es par un site web et stock\u00e9e dans le navigateur de l\u2019utilisateur ce dans laquelle sont conserv\u00e9es qui des donn\u00e9es sur la session, comme l\u00b4usager ou les param\u00e8tres de la page.<\/p>\n<h3>Types de cookies.<\/h3>\n<p>Il existe plusieurs types de cookies :<\/p>\n<ul>\n<li style=\"list-style-type: none;\">\n<ul>\n<li>Les cookies techniques : ils sont utilis\u00e9s pour le fonctionnement d\u2019un site internet, que ce soit pour afficher des contenus ou tout simplement pour faire fonctionner correctement une application ou une section d\u2019un site web ou d\u00b4un autre.<\/li>\n<li>Cookies d\u2019information de l\u2019utilisateur : ils peuvent \u00eatre utilis\u00e9s pour effectuer un achat, pour envoyer formulaire ou n\u2019importe quel type d\u00b4analyse qui contienne vos donn\u00e9es.<\/li>\n<\/ul>\n<\/li>\n<\/ul>\n<h3>Pourquoi m\u00b4inqui\u00e9ter ?<\/h3>\n<p>Les cookies ne devraient pas avoir d\u00b4intention malveillante, donc, normalement il n\u00b4y a pas de quoi s\u00b4inqui\u00e9ter. Ils sont g\u00e9n\u00e9ralement de type technique et dans certains cas personnels, auquel cas ils sont stock\u00e9s dans votre navigateur avec une date d\u2019expiration au cas o\u00f9 le site web devait les utiliser au cours d\u00b4ult\u00e9rieures visites.<\/p>\n<h3>Pourquoi autant de remarques ?<\/h3>\n<p>Il est de notre devoir de vous informer quel est le type de cookies que ce site internet utilise ,et avec \u00e7a , de nous conformer \u00e0 la loi actuelle relative aux cookies, qui stipule que les sites internent qui en font usage doivent en informer les utilisateurs , ainsi que le type de cookies dont il s\u00b4agit, vous pouvez ainsi voir les cookies utilis\u00e9s par ce site en cliquant ici.<\/p>\n<h3>Informations des Cookies de Doorfrig<\/h3>\n<p>Les cookies sont des fichiers cr\u00e9\u00e9s dans le navigateur de l\u2019utilisateur pour enregistrer son activit\u00e9 sur le site internet et lui permettre une navigation plus fluide et personnalis\u00e9e.<br \/>\nLe site internet www.doorfrig.com utilise Google Analytics, un service d\u2019analyse internet d\u00e9velopp\u00e9 par Google, qui permet la mesure et l\u2019analyse de la navigation sur les pages internet. Dans votre navigateur, vous pourrez observer 4 cookies de ce service. Il s\u00b4agit de cookies propres, de sessions et d\u00b4analyse.<\/p>\n<p>Gr\u00e2ce \u00e0 l\u2019analyse internet ,on obtient des renseignements concernant le nombre d\u2019utilisateurs qui ont acc\u00e8s \u00e0 Internet, le nombre de pages vues, la fr\u00e9quence et la r\u00e9p\u00e9tition des visites, leur dur\u00e9e, le navigateur utilis\u00e9, l\u2019op\u00e9rateur qui fournit le service , la langue, le terminal utilis\u00e9 ou la ville \u00e0 laquelle est assign\u00e9e leur adresse IP . Information permettant un meilleur et plus appropri\u00e9 service de la part du site.<\/p>\n<table style=\"width: 100%;\" border=\"1\" cellpadding=\"6\">\n<tbody>\n<tr>\n<td><strong>Nombre<\/strong><\/td>\n<td><strong>Car\u00e1cter<\/strong><\/td>\n<td><strong>Gestor<\/strong><\/td>\n<td><strong>Tipo<\/strong><\/td>\n<\/tr>\n<tr>\n<td>PHPSESSID<\/td>\n<td>Session Technique<\/td>\n<td>Sitio web<\/td>\n<td>Propre site<\/td>\n<\/tr>\n<tr>\n<td>__atuvc<\/td>\n<td>Technique<\/td>\n<td>Sitio web<\/td>\n<td>Propre site<\/td>\n<\/tr>\n<tr>\n<td>cookieacept<\/td>\n<td>Technique<\/td>\n<td>Sitio web<\/td>\n<td>Propre site<\/td>\n<\/tr>\n<tr>\n<td>wp-settings-1, wp-settings-time-1, wordpress_test_cookie, SECURE_AUTH_KEY, OAID<\/td>\n<td>Technique Personnelle<\/td>\n<td><a href=\"http:\/\/en.support.wordpress.com\/settings\/privacy-settings\" target=\"_blank\" rel=\"noopener noreferrer\">WORDPRESS<\/a><\/td>\n<td>Propre site<\/td>\n<\/tr>\n<tr>\n<td>docsperf, GAPS, GALX, ACCOUNT_CHOOSER, APISID, HSID, NID, PREF, LSID, SAPISID, SID, SSID, BEAT, OTZ, GDSESS, SoogleAccountsLocale_session<\/td>\n<td>Technique Personnelle<\/td>\n<td><a href=\"https:\/\/support.google.com\/chrome\/answer\/95647?co=GENIE.Platform%3DDesktop&amp;hl=es\" target=\"_blank\" rel=\"noopener noreferrer\">GOOGLE<\/a><\/td>\n<td>Troisi\u00e8me<\/td>\n<\/tr>\n<tr>\n<td>twitter_sess, external_referer, tz_offset_sec, guest_id, __utma, __utmb, __utmc, __utmz<\/td>\n<td>Technique Personnelle<\/td>\n<td><a href=\"https:\/\/twitter.com\/privacy\" target=\"_blank\" rel=\"noopener noreferrer\">Twitter<\/a><\/td>\n<td>Troisi\u00e8me<\/td>\n<\/tr>\n<tr>\n<td>__atuvc, loc, uid<\/td>\n<td>Technique Personnelle<\/td>\n<td><a href=\"http:\/\/www.addthis.com\/privacy\/privacy-policy\" target=\"_blank\" rel=\"noopener noreferrer\">Addthis<\/a><\/td>\n<td>Troisi\u00e8me<\/td>\n<\/tr>\n<tr>\n<td>APISID, HSID, LOGIN_INFO, PREF, SID, VISITOR_INFO1_LIVE, YSC<\/td>\n<td>Technique Personnelle<\/td>\n<td><a href=\"http:\/\/www.youtube.com\/static?&amp;template=privacy_guidelines\" target=\"_blank\" rel=\"noopener noreferrer\">Youtube<\/a><\/td>\n<td>Troisi\u00e8me<\/td>\n<\/tr>\n<\/tbody>\n<\/table>\n<p>Comment faire pour modifier les param\u00e8tres de cookies de mon navigateur :<br \/>\nVous pouvez restreindre, bloquer ou supprimer les cookies de Doorfrig ou de toute autre page web, \u00e0 l\u2019aide de votre navigateur. Pour chaque navigateur la marche \u00e0 suivre est diff\u00e9rente, la fonction d\u00b4 &#8220;aide &#8221; vous montrera comment le faire.<\/p>\n<ul>\n<li style=\"list-style-type: none;\">\n<ul>\n<li style=\"list-style-type: none;\">\n<ul>\n<li><strong>Internet Explorer:<\/strong>\u00a0https:\/\/support.microsoft.com\/fr-fr\/help\/17442\/windows-internet-explorer-delete-manage-cookies#ie=%22ie-10%22<\/li>\n<li><strong>FireFox:<\/strong> support.mozilla.org\/fr\/kb\/Borrar%20cookies<\/li>\n<li><strong>Chrome:<\/strong> support.google.com\/chrome\/answer\/95647?hl=&#8221;fr&#8221;<\/li>\n<li><strong>Safari:<\/strong> www.apple.com\/fr\/privacy\/use-of-cookies\/<\/li>\n<\/ul>\n<\/li>\n<\/ul>\n<\/li>\n<\/ul>\n<p>De plus, vous pouvez \u00e9galement g\u00e9rer le stockage de cookies dans votre navigateur gr\u00e2ce \u00e0 des outils tels que les suivants :<\/p>\n<ul>\n<li style=\"list-style-type: none;\">\n<ul>\n<li><strong>Ghostery:<\/strong> www.ghostery.com\/<\/li>\n<li><strong>Your online choices:<\/strong> www.youronlinechoices.com\/fr\/<\/li>\n<\/ul>\n<\/li>\n<\/ul>\n","protected":false},"excerpt":{"rendered":"<p>Avis l\u00e9gal www.doorfrig.com Avenida de Los D\u00f3lmenes, 6 41907, Valencina de la Concepci\u00f3n, Sevilla T\u00e9l\u00e9phone : + 34 854 537 920 Courrier \u00e9lectronique: doorfrig@doorfrig.com CIF: B90272725 1. Objet du site internet L\u00b4Avis Juridique pr\u00e9sent recueille les conditions d\u2019utilisation g\u00e9n\u00e9rale des services offerts par l\u00b4URL www.doorfrig.com (ci-apr\u00e8s d\u00e9nomm\u00e9 le SITE) avec les utilisateurs (ci-apr\u00e8s d\u00e9nomm\u00e9, l\u2019UTILISATEUR), [&hellip;]<\/p>\n","protected":false},"author":1,"featured_media":0,"parent":0,"menu_order":0,"comment_status":"open","ping_status":"open","template":"","meta":{"footnotes":""},"class_list":["post-681","page","type-page","status-publish","hentry"],"_links":{"self":[{"href":"https:\/\/doorfrig.com\/fr\/wp-json\/wp\/v2\/pages\/681","targetHints":{"allow":["GET"]}}],"collection":[{"href":"https:\/\/doorfrig.com\/fr\/wp-json\/wp\/v2\/pages"}],"about":[{"href":"https:\/\/doorfrig.com\/fr\/wp-json\/wp\/v2\/types\/page"}],"author":[{"embeddable":true,"href":"https:\/\/doorfrig.com\/fr\/wp-json\/wp\/v2\/users\/1"}],"replies":[{"embeddable":true,"href":"https:\/\/doorfrig.com\/fr\/wp-json\/wp\/v2\/comments?post=681"}],"version-history":[{"count":0,"href":"https:\/\/doorfrig.com\/fr\/wp-json\/wp\/v2\/pages\/681\/revisions"}],"wp:attachment":[{"href":"https:\/\/doorfrig.com\/fr\/wp-json\/wp\/v2\/media?parent=681"}],"curies":[{"name":"wp","href":"https:\/\/api.w.org\/{rel}","templated":true}]}}