{"id":665,"date":"2017-02-16T18:03:06","date_gmt":"2017-02-16T17:03:06","guid":{"rendered":"http:\/\/doorfrig.com\/?page_id=665\/"},"modified":"2021-03-16T10:01:37","modified_gmt":"2021-03-16T09:01:37","slug":"portes-coulissantes","status":"publish","type":"page","link":"https:\/\/doorfrig.com\/fr\/portes-frigorifiques\/portes-coulissantes\/","title":{"rendered":"Portes coulissantes"},"content":{"rendered":"<\/p>\n\n<style type=\"text\/css\" data-created_by=\"avia_inline_auto\" id=\"style-css-av-av_one_half-4f10834597ca4db9f3e7ef3dd2beb242\">\n.flex_column.av-av_one_half-4f10834597ca4db9f3e7ef3dd2beb242{\nborder-radius:0px 0px 0px 0px;\npadding:20px 20px 20px 20px;\nbackground-color:#f5f5f5;\n}\n<\/style>\n<div  class='flex_column av-av_one_half-4f10834597ca4db9f3e7ef3dd2beb242 av_one_half  avia-builder-el-0  el_before_av_one_half  avia-builder-el-first  first flex_column_div  '     ><p>\n<style type=\"text\/css\" data-created_by=\"avia_inline_auto\" id=\"style-css-av-av_heading-bec8f44297a81eeec2600ebd1045189b\">\n#top .av-special-heading.av-av_heading-bec8f44297a81eeec2600ebd1045189b{\npadding-bottom:10px;\n}\nbody .av-special-heading.av-av_heading-bec8f44297a81eeec2600ebd1045189b .av-special-heading-tag .heading-char{\nfont-size:25px;\n}\n.av-special-heading.av-av_heading-bec8f44297a81eeec2600ebd1045189b .av-subheading{\nfont-size:20px;\n}\n<\/style>\n<div  class='av-special-heading av-av_heading-bec8f44297a81eeec2600ebd1045189b av-special-heading-h2 blockquote modern-quote  avia-builder-el-1  el_before_av_image  avia-builder-el-first  av-linked-heading'><h2 class='av-special-heading-tag '  itemprop=\"headline\"  ><a href=\"https:\/\/doorfrig.com\/puertas-frigorificas\/puertas-frigorificas-correderas\/puerta-corredera-dc1\/\">Mod\u00e8le DC1 | Commercial<\/a><\/h2><div class='av-subheading av-subheading_below'><p>Porte frigorifique coulissante<\/p>\n<\/div><div class=\"special-heading-border\"><div class=\"special-heading-inner-border\"><\/div><\/div><\/div><br \/>\n\n<style type=\"text\/css\" data-created_by=\"avia_inline_auto\" id=\"style-css-av-av_image-610ac1f38de5c5c3eebc2985167bf2cf\">\n.avia-image-container.av-av_image-610ac1f38de5c5c3eebc2985167bf2cf img.avia_image{\nbox-shadow:none;\n}\n.avia-image-container.av-av_image-610ac1f38de5c5c3eebc2985167bf2cf .av-image-caption-overlay-center{\ncolor:#ffffff;\n}\n<\/style>\n<div  class='avia-image-container av-av_image-610ac1f38de5c5c3eebc2985167bf2cf av-styling- av-img-linked avia-align-center  avia-builder-el-2  el_after_av_heading  el_before_av_textblock '   itemprop=\"image\" itemscope=\"itemscope\" itemtype=\"https:\/\/schema.org\/ImageObject\" ><div class=\"avia-image-container-inner\"><div class=\"avia-image-overlay-wrap\"><a href=\"https:\/\/doorfrig.com\/puertas-frigorificas\/puertas-frigorificas-correderas\/puerta-corredera-dc1\/\" class='avia_image '  aria-label='Puerta frigor\u00edfica corredera DC1 | Comercial'><img decoding=\"async\" fetchpriority=\"high\" class='wp-image-496 avia-img-lazy-loading-not-496 avia_image ' src=\"https:\/\/doorfrig.com\/wp-content\/uploads\/2016\/11\/puerta-corredera-dc1-principal.jpg\" alt='Puerta frigor\u00edfica corredera DC1 | Comercial' title='Puerta frigor\u00edfica corredera DC1 | Comercial'  height=\"250\" width=\"400\"  itemprop=\"thumbnailUrl\" srcset=\"https:\/\/doorfrig.com\/wp-content\/uploads\/2016\/11\/puerta-corredera-dc1-principal.jpg 400w, https:\/\/doorfrig.com\/wp-content\/uploads\/2016\/11\/puerta-corredera-dc1-principal-300x188.jpg 300w\" sizes=\"(max-width: 400px) 100vw, 400px\" \/><\/a><\/div><\/div><\/div><br \/>\n<section  class='av_textblock_section av-av_textblock-0366cc7376be6c9e82a3e9cc8987b64f '   itemscope=\"itemscope\" itemtype=\"https:\/\/schema.org\/CreativeWork\" ><div class='avia_textblock'  itemprop=\"text\" ><p>Porte frigorifique coulissante d\u2019excellente qualit\u00e9 adapt\u00e9e aux installations de conservation et de cong\u00e9lation.<\/p>\n<\/div><\/section><br \/>\n<div  class='avia-button-wrap av-av_button-fe3ea2245e59a0bbb80be61f76fd2ff7-wrap avia-button-center  avia-builder-el-4  el_after_av_textblock  avia-builder-el-last '><a href='https:\/\/doorfrig.com\/fr\/portes-frigorifiques\/portes-coulissantes\/porte-coulissante-dc1\/'  class='avia-button av-av_button-fe3ea2245e59a0bbb80be61f76fd2ff7 av-link-btn avia-icon_select-yes-left-icon avia-size-medium avia-position-center avia-color-theme-color'   aria-label=\"Voir le produit\"><span class='avia_button_icon avia_button_icon_left' aria-hidden='true' data-av_icon='\ue832' data-av_iconfont='entypo-fontello'><\/span><span class='avia_iconbox_title' >Voir le produit<\/span><\/a><\/div><\/p><\/div>\n<style type=\"text\/css\" data-created_by=\"avia_inline_auto\" id=\"style-css-av-av_one_half-3cc6d9c726393ce8684b8c728863a71d\">\n.flex_column.av-av_one_half-3cc6d9c726393ce8684b8c728863a71d{\nborder-radius:0px 0px 0px 0px;\npadding:20px 20px 20px 20px;\nbackground-color:#f5f5f5;\n}\n<\/style>\n<div  class='flex_column av-av_one_half-3cc6d9c726393ce8684b8c728863a71d av_one_half  avia-builder-el-5  el_after_av_one_half  el_before_av_hr  flex_column_div  '     ><p>\n<style type=\"text\/css\" data-created_by=\"avia_inline_auto\" id=\"style-css-av-av_heading-2ab94523fa98c7d411c9d453ad899dd0\">\n#top .av-special-heading.av-av_heading-2ab94523fa98c7d411c9d453ad899dd0{\npadding-bottom:10px;\n}\nbody .av-special-heading.av-av_heading-2ab94523fa98c7d411c9d453ad899dd0 .av-special-heading-tag .heading-char{\nfont-size:25px;\n}\n.av-special-heading.av-av_heading-2ab94523fa98c7d411c9d453ad899dd0 .av-subheading{\nfont-size:20px;\n}\n<\/style>\n<div  class='av-special-heading av-av_heading-2ab94523fa98c7d411c9d453ad899dd0 av-special-heading-h2 blockquote modern-quote  avia-builder-el-6  el_before_av_image  avia-builder-el-first  av-linked-heading'><h2 class='av-special-heading-tag '  itemprop=\"headline\"  ><a href=\"https:\/\/doorfrig.com\/puertas-frigorificas\/puertas-frigorificas-correderas\/puerta-corredera-dc2\/\">Mod\u00e8le DC2 | Industriel<\/a><\/h2><div class='av-subheading av-subheading_below'><p>Porte frigorifique coulissante<\/p>\n<\/div><div class=\"special-heading-border\"><div class=\"special-heading-inner-border\"><\/div><\/div><\/div><br \/>\n\n<style type=\"text\/css\" data-created_by=\"avia_inline_auto\" id=\"style-css-av-av_image-8aff6098f353069ae52798d69286d204\">\n.avia-image-container.av-av_image-8aff6098f353069ae52798d69286d204 img.avia_image{\nbox-shadow:none;\n}\n.avia-image-container.av-av_image-8aff6098f353069ae52798d69286d204 .av-image-caption-overlay-center{\ncolor:#ffffff;\n}\n<\/style>\n<div  class='avia-image-container av-av_image-8aff6098f353069ae52798d69286d204 av-styling- av-img-linked avia-align-center  avia-builder-el-7  el_after_av_heading  el_before_av_textblock '   itemprop=\"image\" itemscope=\"itemscope\" itemtype=\"https:\/\/schema.org\/ImageObject\" ><div class=\"avia-image-container-inner\"><div class=\"avia-image-overlay-wrap\"><a href=\"https:\/\/doorfrig.com\/puertas-frigorificas\/puertas-frigorificas-correderas\/puerta-corredera-dc2\/\" class='avia_image '  aria-label='Puerta Corredera DC2 | Industrial'><img decoding=\"async\" fetchpriority=\"high\" class='wp-image-502 avia-img-lazy-loading-not-502 avia_image ' src=\"https:\/\/doorfrig.com\/wp-content\/uploads\/2016\/11\/puerta-corredera-dc2-principal.jpg\" alt='Puerta Corredera DC2 | Industrial' title='Puerta Corredera DC2 | Industrial'  height=\"250\" width=\"400\"  itemprop=\"thumbnailUrl\" srcset=\"https:\/\/doorfrig.com\/wp-content\/uploads\/2016\/11\/puerta-corredera-dc2-principal.jpg 400w, https:\/\/doorfrig.com\/wp-content\/uploads\/2016\/11\/puerta-corredera-dc2-principal-300x188.jpg 300w\" sizes=\"(max-width: 400px) 100vw, 400px\" \/><\/a><\/div><\/div><\/div><br \/>\n<section  class='av_textblock_section av-av_textblock-0366cc7376be6c9e82a3e9cc8987b64f '   itemscope=\"itemscope\" itemtype=\"https:\/\/schema.org\/CreativeWork\" ><div class='avia_textblock'  itemprop=\"text\" ><p>Porte frigorifique coulissante d\u2019excellente qualit\u00e9, adapt\u00e9e \u00e0 des installations faisant un usage intensif de conservation, de cong\u00e9lation et de tunnels.<\/p>\n<\/div><\/section><br \/>\n<div  class='avia-button-wrap av-av_button-1a0beb71477586dbb793cd312eed2cef-wrap avia-button-center  avia-builder-el-9  el_after_av_textblock  avia-builder-el-last '><a href='https:\/\/doorfrig.com\/fr\/portes-frigorifiques\/portes-coulissantes\/porte-coulissante-dc2\/'  class='avia-button av-av_button-1a0beb71477586dbb793cd312eed2cef av-link-btn avia-icon_select-yes-left-icon avia-size-medium avia-position-center avia-color-theme-color'   aria-label=\"Voir le produit\"><span class='avia_button_icon avia_button_icon_left' aria-hidden='true' data-av_icon='\ue832' data-av_iconfont='entypo-fontello'><\/span><span class='avia_iconbox_title' >Voir le produit<\/span><\/a><\/div><\/p><\/div>\n<style type=\"text\/css\" data-created_by=\"avia_inline_auto\" id=\"style-css-av-av_hr-0688d0b0b6ed2f8b057db7a8270206df\">\n#top .hr.hr-invisible.av-av_hr-0688d0b0b6ed2f8b057db7a8270206df{\nheight:50px;\n}\n<\/style>\n<div  class='hr av-av_hr-0688d0b0b6ed2f8b057db7a8270206df hr-invisible  avia-builder-el-10  el_after_av_one_half  el_before_av_image '><span class='hr-inner '><span class=\"hr-inner-style\"><\/span><\/span><\/div><\/p>\n\n<style type=\"text\/css\" data-created_by=\"avia_inline_auto\" id=\"style-css-av-av_image-b508b777499afad1c5acabc48b244bf9\">\n.avia-image-container.av-av_image-b508b777499afad1c5acabc48b244bf9 img.avia_image{\nbox-shadow:none;\n}\n.avia-image-container.av-av_image-b508b777499afad1c5acabc48b244bf9 .av-image-caption-overlay-center{\ncolor:#ffffff;\n}\n<\/style>\n<div  class='avia-image-container av-av_image-b508b777499afad1c5acabc48b244bf9 av-styling- av-img-linked avia-align-center  avia-builder-el-11  el_after_av_hr  avia-builder-el-last '   itemprop=\"image\" itemscope=\"itemscope\" itemtype=\"https:\/\/schema.org\/ImageObject\" ><div class=\"avia-image-container-inner\"><div class=\"avia-image-overlay-wrap\"><a href=\"https:\/\/doorfrig.com\/fr\/contact\/\" class='avia_image '  aria-label='Servicio Express | Puertas C\u00e1maras Frigor\u00edficas'><img decoding=\"async\" fetchpriority=\"high\" class='wp-image-1877 avia-img-lazy-loading-not-1877 avia_image ' src=\"https:\/\/doorfrig.com\/wp-content\/uploads\/2017\/02\/Banner-bottom-FR.jpg\" alt='Servicio Express | Puertas C\u00e1maras Frigor\u00edficas' title='Servicio Express | Puertas C\u00e1maras Frigor\u00edficas'  height=\"150\" width=\"883\"  itemprop=\"thumbnailUrl\" srcset=\"https:\/\/doorfrig.com\/wp-content\/uploads\/2017\/02\/Banner-bottom-FR.jpg 883w, https:\/\/doorfrig.com\/wp-content\/uploads\/2017\/02\/Banner-bottom-FR-300x51.jpg 300w, https:\/\/doorfrig.com\/wp-content\/uploads\/2017\/02\/Banner-bottom-FR-768x130.jpg 768w, https:\/\/doorfrig.com\/wp-content\/uploads\/2017\/02\/Banner-bottom-FR-705x120.jpg 705w, https:\/\/doorfrig.com\/wp-content\/uploads\/2017\/02\/Banner-bottom-FR-450x76.jpg 450w\" sizes=\"(max-width: 883px) 100vw, 883px\" \/><\/a><\/div><\/div><\/div>\n","protected":false},"excerpt":{"rendered":"","protected":false},"author":1,"featured_media":0,"parent":668,"menu_order":0,"comment_status":"closed","ping_status":"closed","template":"","meta":{"footnotes":""},"class_list":["post-665","page","type-page","status-publish","hentry"],"_links":{"self":[{"href":"https:\/\/doorfrig.com\/fr\/wp-json\/wp\/v2\/pages\/665","targetHints":{"allow":["GET"]}}],"collection":[{"href":"https:\/\/doorfrig.com\/fr\/wp-json\/wp\/v2\/pages"}],"about":[{"href":"https:\/\/doorfrig.com\/fr\/wp-json\/wp\/v2\/types\/page"}],"author":[{"embeddable":true,"href":"https:\/\/doorfrig.com\/fr\/wp-json\/wp\/v2\/users\/1"}],"replies":[{"embeddable":true,"href":"https:\/\/doorfrig.com\/fr\/wp-json\/wp\/v2\/comments?post=665"}],"version-history":[{"count":2,"href":"https:\/\/doorfrig.com\/fr\/wp-json\/wp\/v2\/pages\/665\/revisions"}],"predecessor-version":[{"id":3468,"href":"https:\/\/doorfrig.com\/fr\/wp-json\/wp\/v2\/pages\/665\/revisions\/3468"}],"up":[{"embeddable":true,"href":"https:\/\/doorfrig.com\/fr\/wp-json\/wp\/v2\/pages\/668"}],"wp:attachment":[{"href":"https:\/\/doorfrig.com\/fr\/wp-json\/wp\/v2\/media?parent=665"}],"curies":[{"name":"wp","href":"https:\/\/api.w.org\/{rel}","templated":true}]}}