{"id":1083,"date":"2017-05-17T12:35:17","date_gmt":"2017-05-17T10:35:17","guid":{"rendered":"http:\/\/doorfrig.com\/?page_id=1083\/"},"modified":"2021-03-16T09:49:53","modified_gmt":"2021-03-16T08:49:53","slug":"pvc-slats","status":"publish","type":"page","link":"https:\/\/doorfrig.com\/en\/cold-storage-doors\/pvc-slats\/","title":{"rendered":"PVC slats"},"content":{"rendered":"\n<style type=\"text\/css\" data-created_by=\"avia_inline_auto\" id=\"style-css-av-av_one_half-6126cab7d8fab8d08143dd2dacdf673c\">\n.flex_column.av-av_one_half-6126cab7d8fab8d08143dd2dacdf673c{\nborder-radius:0px 0px 0px 0px;\npadding:0px 0px 0px 0px;\n}\n<\/style>\n<div  class='flex_column av-av_one_half-6126cab7d8fab8d08143dd2dacdf673c av_one_half  avia-builder-el-0  el_before_av_one_half  avia-builder-el-first  first flex_column_div av-zero-column-padding  '     ><style type=\"text\/css\" data-created_by=\"avia_inline_auto\" id=\"style-css-av-av_image-6d4e6d32359174479a024b4178c8c746\">\n.avia-image-container.av-av_image-6d4e6d32359174479a024b4178c8c746 img.avia_image{\nbox-shadow:none;\n}\n.avia-image-container.av-av_image-6d4e6d32359174479a024b4178c8c746 .av-image-caption-overlay-center{\ncolor:#ffffff;\n}\n<\/style>\n<div  class='avia-image-container av-av_image-6d4e6d32359174479a024b4178c8c746 av-styling- avia-align-center  avia-builder-el-1  avia-builder-el-no-sibling '   itemprop=\"image\" itemscope=\"itemscope\" itemtype=\"https:\/\/schema.org\/ImageObject\" ><div class=\"avia-image-container-inner\"><div class=\"avia-image-overlay-wrap\"><img decoding=\"async\" fetchpriority=\"high\" class='wp-image-1991 avia-img-lazy-loading-not-1991 avia_image ' src=\"https:\/\/doorfrig.com\/wp-content\/uploads\/2017\/05\/pvc-slats-section.jpg\" alt='' title='PVC slats'  height=\"500\" width=\"500\"  itemprop=\"thumbnailUrl\" srcset=\"https:\/\/doorfrig.com\/wp-content\/uploads\/2017\/05\/pvc-slats-section.jpg 500w, https:\/\/doorfrig.com\/wp-content\/uploads\/2017\/05\/pvc-slats-section-80x80.jpg 80w, https:\/\/doorfrig.com\/wp-content\/uploads\/2017\/05\/pvc-slats-section-300x300.jpg 300w, https:\/\/doorfrig.com\/wp-content\/uploads\/2017\/05\/pvc-slats-section-36x36.jpg 36w, https:\/\/doorfrig.com\/wp-content\/uploads\/2017\/05\/pvc-slats-section-180x180.jpg 180w, https:\/\/doorfrig.com\/wp-content\/uploads\/2017\/05\/pvc-slats-section-120x120.jpg 120w, https:\/\/doorfrig.com\/wp-content\/uploads\/2017\/05\/pvc-slats-section-450x450.jpg 450w\" sizes=\"(max-width: 500px) 100vw, 500px\" \/><\/div><\/div><\/div><\/div>\n\n<style type=\"text\/css\" data-created_by=\"avia_inline_auto\" id=\"style-css-av-av_one_half-0aa7055fe62c3622faec82866afbaeb2\">\n.flex_column.av-av_one_half-0aa7055fe62c3622faec82866afbaeb2{\nborder-radius:0px 0px 0px 0px;\npadding:0px 0px 0px 0px;\n}\n<\/style>\n<div  class='flex_column av-av_one_half-0aa7055fe62c3622faec82866afbaeb2 av_one_half  avia-builder-el-2  el_after_av_one_half  el_before_av_hr  flex_column_div av-zero-column-padding  '     ><p>\n<style type=\"text\/css\" data-created_by=\"avia_inline_auto\" id=\"style-css-av-av_heading-d9702fa0a0411fe946a7b1dc2dae5da9\">\n#top .av-special-heading.av-av_heading-d9702fa0a0411fe946a7b1dc2dae5da9{\npadding-bottom:0;\n}\nbody .av-special-heading.av-av_heading-d9702fa0a0411fe946a7b1dc2dae5da9 .av-special-heading-tag .heading-char{\nfont-size:25px;\n}\n.av-special-heading.av-av_heading-d9702fa0a0411fe946a7b1dc2dae5da9 .av-subheading{\nfont-size:20px;\n}\n<\/style>\n<div  class='av-special-heading av-av_heading-d9702fa0a0411fe946a7b1dc2dae5da9 av-special-heading-h2 blockquote modern-quote  avia-builder-el-3  el_before_av_hr  avia-builder-el-first '><h2 class='av-special-heading-tag '  itemprop=\"headline\"  >PVC slats<\/h2><div class='av-subheading av-subheading_below'><p>Another Doorfrig specialty<\/p>\n<\/div><div class=\"special-heading-border\"><div class=\"special-heading-inner-border\"><\/div><\/div><\/div><br \/>\n\n<style type=\"text\/css\" data-created_by=\"avia_inline_auto\" id=\"style-css-av-av_hr-8de54f6a2b1a093946fd9169c22e756e\">\n#top .hr.av-av_hr-8de54f6a2b1a093946fd9169c22e756e{\nmargin-top:10px;\nmargin-bottom:10px;\n}\n.hr.av-av_hr-8de54f6a2b1a093946fd9169c22e756e .hr-inner{\nwidth:100%;\n}\n<\/style>\n<div  class='hr av-av_hr-8de54f6a2b1a093946fd9169c22e756e hr-custom  avia-builder-el-4  el_after_av_heading  el_before_av_textblock  hr-center hr-icon-no'><span class='hr-inner inner-border-av-border-thin'><span class=\"hr-inner-style\"><\/span><\/span><\/div><br \/>\n<section  class='av_textblock_section av-kmbrygzm-8125c4b5e4d2213b13185507757d9ddd '   itemscope=\"itemscope\" itemtype=\"https:\/\/schema.org\/CreativeWork\" ><div class='avia_textblock'  itemprop=\"text\" ><p>Industrial PVC slat curtains are an economic solution for places that require insulation, temperature control or environmental separation. They are very light and easy to install, as well as requiring minimal maintenance.<\/p>\n<p>Industrial curtains that we manufacture in Doorfrig ensure an excellent air-tightness, since in standard position they are closed, opening manually when merchandise and people are passing through.<\/p>\n<\/div><\/section><\/p><\/div>\n<style type=\"text\/css\" data-created_by=\"avia_inline_auto\" id=\"style-css-av-av_hr-8de54f6a2b1a093946fd9169c22e756e\">\n#top .hr.av-av_hr-8de54f6a2b1a093946fd9169c22e756e{\nmargin-top:10px;\nmargin-bottom:10px;\n}\n.hr.av-av_hr-8de54f6a2b1a093946fd9169c22e756e .hr-inner{\nwidth:100%;\n}\n<\/style>\n<div  class='hr av-av_hr-8de54f6a2b1a093946fd9169c22e756e hr-custom  avia-builder-el-6  el_after_av_one_half  el_before_av_image  hr-center hr-icon-no'><span class='hr-inner inner-border-av-border-thin'><span class=\"hr-inner-style\"><\/span><\/span><\/div><\/p>\n\n<style type=\"text\/css\" data-created_by=\"avia_inline_auto\" id=\"style-css-av-av_image-855904abd2399cd8eace3f66fc8b4914\">\n.avia-image-container.av-av_image-855904abd2399cd8eace3f66fc8b4914 img.avia_image{\nbox-shadow:none;\n}\n.avia-image-container.av-av_image-855904abd2399cd8eace3f66fc8b4914 .av-image-caption-overlay-center{\ncolor:#ffffff;\n}\n<\/style>\n<div  class='avia-image-container av-av_image-855904abd2399cd8eace3f66fc8b4914 av-styling- av-img-linked avia-align-center  avia-builder-el-7  el_after_av_hr  avia-builder-el-last '   itemprop=\"image\" itemscope=\"itemscope\" itemtype=\"https:\/\/schema.org\/ImageObject\" ><div class=\"avia-image-container-inner\"><div class=\"avia-image-overlay-wrap\"><a href=\"https:\/\/doorfrig.com\/en\/contact\/\" class='avia_image '  aria-label='Servicio Express | Puertas C\u00e1maras Frigor\u00edficas'><img decoding=\"async\" fetchpriority=\"high\" class='wp-image-1874 avia-img-lazy-loading-not-1874 avia_image ' src=\"https:\/\/doorfrig.com\/wp-content\/uploads\/2017\/05\/banner-bottom.jpg\" alt='Servicio Express | Puertas C\u00e1maras Frigor\u00edficas' title='Servicio Express | Puertas C\u00e1maras Frigor\u00edficas'  height=\"150\" width=\"883\"  itemprop=\"thumbnailUrl\" srcset=\"https:\/\/doorfrig.com\/wp-content\/uploads\/2017\/05\/banner-bottom.jpg 883w, https:\/\/doorfrig.com\/wp-content\/uploads\/2017\/05\/banner-bottom-300x51.jpg 300w, https:\/\/doorfrig.com\/wp-content\/uploads\/2017\/05\/banner-bottom-768x130.jpg 768w, https:\/\/doorfrig.com\/wp-content\/uploads\/2017\/05\/banner-bottom-705x120.jpg 705w, https:\/\/doorfrig.com\/wp-content\/uploads\/2017\/05\/banner-bottom-450x76.jpg 450w\" sizes=\"(max-width: 883px) 100vw, 883px\" \/><\/a><\/div><\/div><\/div>\n","protected":false},"excerpt":{"rendered":"","protected":false},"author":1,"featured_media":0,"parent":1016,"menu_order":0,"comment_status":"closed","ping_status":"closed","template":"","meta":{"footnotes":""},"class_list":["post-1083","page","type-page","status-publish","hentry"],"_links":{"self":[{"href":"https:\/\/doorfrig.com\/en\/wp-json\/wp\/v2\/pages\/1083","targetHints":{"allow":["GET"]}}],"collection":[{"href":"https:\/\/doorfrig.com\/en\/wp-json\/wp\/v2\/pages"}],"about":[{"href":"https:\/\/doorfrig.com\/en\/wp-json\/wp\/v2\/types\/page"}],"author":[{"embeddable":true,"href":"https:\/\/doorfrig.com\/en\/wp-json\/wp\/v2\/users\/1"}],"replies":[{"embeddable":true,"href":"https:\/\/doorfrig.com\/en\/wp-json\/wp\/v2\/comments?post=1083"}],"version-history":[{"count":2,"href":"https:\/\/doorfrig.com\/en\/wp-json\/wp\/v2\/pages\/1083\/revisions"}],"predecessor-version":[{"id":3446,"href":"https:\/\/doorfrig.com\/en\/wp-json\/wp\/v2\/pages\/1083\/revisions\/3446"}],"up":[{"embeddable":true,"href":"https:\/\/doorfrig.com\/en\/wp-json\/wp\/v2\/pages\/1016"}],"wp:attachment":[{"href":"https:\/\/doorfrig.com\/en\/wp-json\/wp\/v2\/media?parent=1083"}],"curies":[{"name":"wp","href":"https:\/\/api.w.org\/{rel}","templated":true}]}}