{"id":1032,"date":"2017-05-17T11:21:17","date_gmt":"2017-05-17T09:21:17","guid":{"rendered":"http:\/\/doorfrig.com\/?page_id=1032\/"},"modified":"2021-03-16T10:09:56","modified_gmt":"2021-03-16T09:09:56","slug":"sliding-cold-storage-door-dc1","status":"publish","type":"page","link":"https:\/\/doorfrig.com\/en\/cold-storage-doors\/slidings-doors\/sliding-cold-storage-door-dc1\/","title":{"rendered":"Sliding Cold-Storage Door DC1 | Commercial"},"content":{"rendered":"<\/p>\n\n<style type=\"text\/css\" data-created_by=\"avia_inline_auto\" id=\"style-css-av-av_one_half-6126cab7d8fab8d08143dd2dacdf673c\">\n.flex_column.av-av_one_half-6126cab7d8fab8d08143dd2dacdf673c{\nborder-radius:0px 0px 0px 0px;\npadding:0px 0px 0px 0px;\n}\n<\/style>\n<div  class='flex_column av-av_one_half-6126cab7d8fab8d08143dd2dacdf673c av_one_half  avia-builder-el-0  el_before_av_one_half  avia-builder-el-first  first flex_column_div av-zero-column-padding  '     ><style type=\"text\/css\" data-created_by=\"avia_inline_auto\" id=\"style-css-av-av_image-4347e5eda9fe3edb64b2a0d02fa51133\">\n.avia-image-container.av-av_image-4347e5eda9fe3edb64b2a0d02fa51133 img.avia_image{\nbox-shadow:none;\n}\n.avia-image-container.av-av_image-4347e5eda9fe3edb64b2a0d02fa51133 .av-image-caption-overlay-center{\ncolor:#ffffff;\n}\n<\/style>\n<div  class='avia-image-container av-av_image-4347e5eda9fe3edb64b2a0d02fa51133 av-styling- avia-align-center  avia-builder-el-1  avia-builder-el-no-sibling '   itemprop=\"image\" itemscope=\"itemscope\" itemtype=\"https:\/\/schema.org\/ImageObject\" ><div class=\"avia-image-container-inner\"><div class=\"avia-image-overlay-wrap\"><img decoding=\"async\" fetchpriority=\"high\" class='wp-image-2061 avia-img-lazy-loading-not-2061 avia_image ' src=\"https:\/\/doorfrig.com\/wp-content\/uploads\/2017\/05\/sliding-cold-storage-dc1.jpg\" alt='' title='Sliding Cold-Storage Door DC1 | Commercial'  height=\"500\" width=\"500\"  itemprop=\"thumbnailUrl\" srcset=\"https:\/\/doorfrig.com\/wp-content\/uploads\/2017\/05\/sliding-cold-storage-dc1.jpg 500w, https:\/\/doorfrig.com\/wp-content\/uploads\/2017\/05\/sliding-cold-storage-dc1-80x80.jpg 80w, https:\/\/doorfrig.com\/wp-content\/uploads\/2017\/05\/sliding-cold-storage-dc1-300x300.jpg 300w, https:\/\/doorfrig.com\/wp-content\/uploads\/2017\/05\/sliding-cold-storage-dc1-36x36.jpg 36w, https:\/\/doorfrig.com\/wp-content\/uploads\/2017\/05\/sliding-cold-storage-dc1-180x180.jpg 180w, https:\/\/doorfrig.com\/wp-content\/uploads\/2017\/05\/sliding-cold-storage-dc1-120x120.jpg 120w, https:\/\/doorfrig.com\/wp-content\/uploads\/2017\/05\/sliding-cold-storage-dc1-450x450.jpg 450w\" sizes=\"(max-width: 500px) 100vw, 500px\" \/><\/div><\/div><\/div><\/div>\n\n<style type=\"text\/css\" data-created_by=\"avia_inline_auto\" id=\"style-css-av-av_one_half-0aa7055fe62c3622faec82866afbaeb2\">\n.flex_column.av-av_one_half-0aa7055fe62c3622faec82866afbaeb2{\nborder-radius:0px 0px 0px 0px;\npadding:0px 0px 0px 0px;\n}\n<\/style>\n<div  class='flex_column av-av_one_half-0aa7055fe62c3622faec82866afbaeb2 av_one_half  avia-builder-el-2  el_after_av_one_half  el_before_av_hr  flex_column_div av-zero-column-padding  '     ><p>\n<style type=\"text\/css\" data-created_by=\"avia_inline_auto\" id=\"style-css-av-av_heading-8236ea627244197216392eaaf28d65fb\">\n#top .av-special-heading.av-av_heading-8236ea627244197216392eaaf28d65fb{\npadding-bottom:0;\n}\nbody .av-special-heading.av-av_heading-8236ea627244197216392eaaf28d65fb .av-special-heading-tag .heading-char{\nfont-size:25px;\n}\n.av-special-heading.av-av_heading-8236ea627244197216392eaaf28d65fb .av-subheading{\nfont-size:20px;\n}\n<\/style>\n<div  class='av-special-heading av-av_heading-8236ea627244197216392eaaf28d65fb av-special-heading-h2 blockquote modern-quote  avia-builder-el-3  el_before_av_hr  avia-builder-el-first '><h2 class='av-special-heading-tag '  itemprop=\"headline\"  >Model DC1 | Commercial<\/h2><div class='av-subheading av-subheading_below'><p>Sliding Cold-Storage Door<\/p>\n<\/div><div class=\"special-heading-border\"><div class=\"special-heading-inner-border\"><\/div><\/div><\/div><br \/>\n\n<style type=\"text\/css\" data-created_by=\"avia_inline_auto\" id=\"style-css-av-av_hr-8de54f6a2b1a093946fd9169c22e756e\">\n#top .hr.av-av_hr-8de54f6a2b1a093946fd9169c22e756e{\nmargin-top:10px;\nmargin-bottom:10px;\n}\n.hr.av-av_hr-8de54f6a2b1a093946fd9169c22e756e .hr-inner{\nwidth:100%;\n}\n<\/style>\n<div  class='hr av-av_hr-8de54f6a2b1a093946fd9169c22e756e hr-custom  avia-builder-el-4  el_after_av_heading  el_before_av_textblock  hr-center hr-icon-no'><span class='hr-inner inner-border-av-border-thin'><span class=\"hr-inner-style\"><\/span><\/span><\/div><br \/>\n<section  class='av_textblock_section av-av_textblock-396ddf1f42196ca838231e61a4602801 '   itemscope=\"itemscope\" itemtype=\"https:\/\/schema.org\/CreativeWork\" ><div class='avia_textblock'  itemprop=\"text\" ><p>Sliding Cold-Storage Door manufactured with excellent quality materials, for storage of refrigerated or frozen products. Designed for commercial cold units, with a very detailed aesthetic and easy handling.<\/p>\n<\/div><\/section><\/p><\/div>\n\n<style type=\"text\/css\" data-created_by=\"avia_inline_auto\" id=\"style-css-av-av_hr-5ea7596238ed9f191e6b5e662093052f\">\n#top .hr.hr-invisible.av-av_hr-5ea7596238ed9f191e6b5e662093052f{\nheight:30px;\n}\n<\/style>\n<div  class='hr av-av_hr-5ea7596238ed9f191e6b5e662093052f hr-invisible  avia-builder-el-6  el_after_av_one_half  el_before_av_heading '><span class='hr-inner '><span class=\"hr-inner-style\"><\/span><\/span><\/div>\n\n<style type=\"text\/css\" data-created_by=\"avia_inline_auto\" id=\"style-css-av-av_heading-8d4379a702b70f23d5268c9c34cb12d9\">\n#top .av-special-heading.av-av_heading-8d4379a702b70f23d5268c9c34cb12d9{\npadding-bottom:0;\n}\nbody .av-special-heading.av-av_heading-8d4379a702b70f23d5268c9c34cb12d9 .av-special-heading-tag .heading-char{\nfont-size:25px;\n}\n.av-special-heading.av-av_heading-8d4379a702b70f23d5268c9c34cb12d9 .av-subheading{\nfont-size:15px;\n}\n<\/style>\n<div  class='av-special-heading av-av_heading-8d4379a702b70f23d5268c9c34cb12d9 av-special-heading-h2 blockquote modern-quote  avia-builder-el-7  el_after_av_hr  el_before_av_hr '><h2 class='av-special-heading-tag '  itemprop=\"headline\"  >Features<\/h2><div class=\"special-heading-border\"><div class=\"special-heading-inner-border\"><\/div><\/div><\/div>\n<div  class='hr av-av_hr-dcd2069817a0e3d34ae04cad8f3443c7 hr-default  avia-builder-el-8  el_after_av_heading  el_before_av_one_half '><span class='hr-inner '><span class=\"hr-inner-style\"><\/span><\/span><\/div>\n\n<style type=\"text\/css\" data-created_by=\"avia_inline_auto\" id=\"style-css-av-av_one_half-6126cab7d8fab8d08143dd2dacdf673c\">\n.flex_column.av-av_one_half-6126cab7d8fab8d08143dd2dacdf673c{\nborder-radius:0px 0px 0px 0px;\npadding:0px 0px 0px 0px;\n}\n<\/style>\n<div  class='flex_column av-av_one_half-6126cab7d8fab8d08143dd2dacdf673c av_one_half  avia-builder-el-9  el_after_av_hr  el_before_av_one_half  first flex_column_div av-zero-column-padding  '     ><style type=\"text\/css\" data-created_by=\"avia_inline_auto\" id=\"style-css-av-av_iconlist-4b4ac2a20de183da3b20bfd4f0a6d31d\">\n#top .avia-icon-list-container.av-av_iconlist-4b4ac2a20de183da3b20bfd4f0a6d31d .iconlist_icon{\ncolor:#00398b;\nbackground-color:#8dbee3;\nborder:1px solid #8dbee3;\n}\n<\/style>\n<div  class='avia-icon-list-container av-av_iconlist-4b4ac2a20de183da3b20bfd4f0a6d31d  avia-builder-el-10  avia-builder-el-no-sibling '><ul class='avia-icon-list avia_animate_when_almost_visible avia-icon-list-left av-iconlist-big av-av_iconlist-4b4ac2a20de183da3b20bfd4f0a6d31d avia-iconlist-animate'>\n<li><div class='iconlist_icon av-av_iconlist_item-4819cc3b4c877ec4a89c7ac8165f955b avia-font-entypo-fontello'><span class='iconlist-char' aria-hidden='true' data-av_icon='\ue875' data-av_iconfont='entypo-fontello'><\/span><\/div><article class=\"article-icon-entry \"  itemscope=\"itemscope\" itemtype=\"https:\/\/schema.org\/CreativeWork\" ><div class=\"iconlist_content_wrap\"><header class=\"entry-content-header\" aria-label=\"Icon: Insulation Sheet\"><h4 class='av_iconlist_title iconlist_title  '  itemprop=\"headline\" >Insulation Sheet<\/h4><\/header><div class='iconlist_content '  itemprop=\"text\" ><p>High density polyurethane foam, <strong>45\/50 kg\/m\u00b3<\/strong>; Classification of reaction to fire <strong>Bs1d0<\/strong>.<\/p>\n<\/div><\/div><footer class=\"entry-footer\"><\/footer><\/article><div class=\"iconlist-timeline\"><\/div><\/li>\n<li><div class='iconlist_icon av-av_iconlist_item-d7c4a5a1327478aa6a9cb60c097c736d avia-font-entypo-fontello'><span class='iconlist-char' aria-hidden='true' data-av_icon='\ue875' data-av_iconfont='entypo-fontello'><\/span><\/div><article class=\"article-icon-entry \"  itemscope=\"itemscope\" itemtype=\"https:\/\/schema.org\/CreativeWork\" ><div class=\"iconlist_content_wrap\"><header class=\"entry-content-header\" aria-label=\"Icon: Coating Sheet\"><h4 class='av_iconlist_title iconlist_title  '  itemprop=\"headline\" >Coating Sheet<\/h4><\/header><div class='iconlist_content '  itemprop=\"text\" ><p>Lacquered metal sheet <strong>0.6 mm<\/strong> thick on both sides.<\/p>\n<\/div><\/div><footer class=\"entry-footer\"><\/footer><\/article><div class=\"iconlist-timeline\"><\/div><\/li>\n<li><div class='iconlist_icon av-av_iconlist_item-e68cdeeb3e8ecb2c67e0e9b33ddbaf51 avia-font-entypo-fontello'><span class='iconlist-char' aria-hidden='true' data-av_icon='\ue875' data-av_iconfont='entypo-fontello'><\/span><\/div><article class=\"article-icon-entry \"  itemscope=\"itemscope\" itemtype=\"https:\/\/schema.org\/CreativeWork\" ><div class=\"iconlist_content_wrap\"><header class=\"entry-content-header\" aria-label=\"Icon: Profile Sheet\"><h4 class='av_iconlist_title iconlist_title  '  itemprop=\"headline\" >Profile Sheet<\/h4><\/header><div class='iconlist_content '  itemprop=\"text\" ><p>Framing sheet with anodized aluminum profile, stainlesstype with anti-corrosion treatment.<\/p>\n<\/div><\/div><footer class=\"entry-footer\"><\/footer><\/article><div class=\"iconlist-timeline\"><\/div><\/li>\n<li><div class='iconlist_icon av-av_iconlist_item-4a65b4df874f44144bcf7c1df6e052db avia-font-entypo-fontello'><span class='iconlist-char' aria-hidden='true' data-av_icon='\ue875' data-av_iconfont='entypo-fontello'><\/span><\/div><article class=\"article-icon-entry \"  itemscope=\"itemscope\" itemtype=\"https:\/\/schema.org\/CreativeWork\" ><div class=\"iconlist_content_wrap\"><header class=\"entry-content-header\" aria-label=\"Icon: Sliding system\"><h4 class='av_iconlist_title iconlist_title  '  itemprop=\"headline\" >Sliding system<\/h4><\/header><div class='iconlist_content '  itemprop=\"text\" ><p>Sliding guide made of <strong>anti-corrosion anodized aluminum.<\/strong><\/p>\n<\/div><\/div><footer class=\"entry-footer\"><\/footer><\/article><div class=\"iconlist-timeline\"><\/div><\/li>\n<\/ul><\/div><\/div>\n\n<style type=\"text\/css\" data-created_by=\"avia_inline_auto\" id=\"style-css-av-av_one_half-0aa7055fe62c3622faec82866afbaeb2\">\n.flex_column.av-av_one_half-0aa7055fe62c3622faec82866afbaeb2{\nborder-radius:0px 0px 0px 0px;\npadding:0px 0px 0px 0px;\n}\n<\/style>\n<div  class='flex_column av-av_one_half-0aa7055fe62c3622faec82866afbaeb2 av_one_half  avia-builder-el-11  el_after_av_one_half  el_before_av_heading  flex_column_div av-zero-column-padding  '     ><p>\n<style type=\"text\/css\" data-created_by=\"avia_inline_auto\" id=\"style-css-av-av_image-1ba9020cb343b826b4abba65dee74c27\">\n.avia-image-container.av-av_image-1ba9020cb343b826b4abba65dee74c27 img.avia_image{\nbox-shadow:none;\n}\n.avia-image-container.av-av_image-1ba9020cb343b826b4abba65dee74c27 .av-image-caption-overlay-center{\ncolor:#ffffff;\n}\n<\/style>\n<div  class='avia-image-container av-av_image-1ba9020cb343b826b4abba65dee74c27 av-styling- av-hover-grow av-img-linked avia-align-center  avia-builder-el-12  el_before_av_image  avia-builder-el-first '   itemprop=\"image\" itemscope=\"itemscope\" itemtype=\"https:\/\/schema.org\/ImageObject\" ><div class=\"avia-image-container-inner\"><div class=\"avia-image-overlay-wrap\"><a href=\"https:\/\/doorfrig.com\/wp-content\/uploads\/2017\/05\/sliding-cold-storage-dc1-2.jpg\" data-srcset=\"https:\/\/doorfrig.com\/wp-content\/uploads\/2017\/05\/sliding-cold-storage-dc1-2.jpg 400w, https:\/\/doorfrig.com\/wp-content\/uploads\/2017\/05\/sliding-cold-storage-dc1-2-300x169.jpg 300w\" data-sizes=\"(max-width: 400px) 100vw, 400px\" class='avia_image '  aria-label='Sliding Cold-Storage Door DC1 | Commercial'><img decoding=\"async\" fetchpriority=\"high\" class='wp-image-2059 avia-img-lazy-loading-not-2059 avia_image ' src=\"https:\/\/doorfrig.com\/wp-content\/uploads\/2017\/05\/sliding-cold-storage-dc1-2.jpg\" alt='Sliding Cold-Storage Door DC1 | Commercial' title='Sliding Cold-Storage Door DC1 | Commercial'  height=\"225\" width=\"400\"  itemprop=\"thumbnailUrl\" srcset=\"https:\/\/doorfrig.com\/wp-content\/uploads\/2017\/05\/sliding-cold-storage-dc1-2.jpg 400w, https:\/\/doorfrig.com\/wp-content\/uploads\/2017\/05\/sliding-cold-storage-dc1-2-300x169.jpg 300w\" sizes=\"(max-width: 400px) 100vw, 400px\" \/><\/a><\/div><\/div><\/div><br \/>\n\n<style type=\"text\/css\" data-created_by=\"avia_inline_auto\" id=\"style-css-av-av_image-443a562dc5e93b174c8e0b38f6590193\">\n.avia-image-container.av-av_image-443a562dc5e93b174c8e0b38f6590193 img.avia_image{\nbox-shadow:none;\n}\n.avia-image-container.av-av_image-443a562dc5e93b174c8e0b38f6590193 .av-image-caption-overlay-center{\ncolor:#ffffff;\n}\n<\/style>\n<div  class='avia-image-container av-av_image-443a562dc5e93b174c8e0b38f6590193 av-styling- av-hover-grow av-img-linked avia-align-center  avia-builder-el-13  el_after_av_image  avia-builder-el-last '   itemprop=\"image\" itemscope=\"itemscope\" itemtype=\"https:\/\/schema.org\/ImageObject\" ><div class=\"avia-image-container-inner\"><div class=\"avia-image-overlay-wrap\"><a href=\"https:\/\/doorfrig.com\/wp-content\/uploads\/2017\/05\/sliding-cold-storage-dc1-3.jpg\" data-srcset=\"https:\/\/doorfrig.com\/wp-content\/uploads\/2017\/05\/sliding-cold-storage-dc1-3.jpg 400w, https:\/\/doorfrig.com\/wp-content\/uploads\/2017\/05\/sliding-cold-storage-dc1-3-300x169.jpg 300w\" data-sizes=\"(max-width: 400px) 100vw, 400px\" class='avia_image '  aria-label='Sliding Cold-Storage Door DC1 | Commercial'><img decoding=\"async\" fetchpriority=\"high\" class='wp-image-2057 avia-img-lazy-loading-not-2057 avia_image ' src=\"https:\/\/doorfrig.com\/wp-content\/uploads\/2017\/05\/sliding-cold-storage-dc1-3.jpg\" alt='Sliding Cold-Storage Door DC1 | Commercial' title='Sliding Cold-Storage Door DC1 | Commercial'  height=\"225\" width=\"400\"  itemprop=\"thumbnailUrl\" srcset=\"https:\/\/doorfrig.com\/wp-content\/uploads\/2017\/05\/sliding-cold-storage-dc1-3.jpg 400w, https:\/\/doorfrig.com\/wp-content\/uploads\/2017\/05\/sliding-cold-storage-dc1-3-300x169.jpg 300w\" sizes=\"(max-width: 400px) 100vw, 400px\" \/><\/a><\/div><\/div><\/div><\/p><\/div>\n\n<style type=\"text\/css\" data-created_by=\"avia_inline_auto\" id=\"style-css-av-av_heading-6a1aecd0d9232c5abf85c8a10f126649\">\n#top .av-special-heading.av-av_heading-6a1aecd0d9232c5abf85c8a10f126649{\npadding-bottom:0;\n}\nbody .av-special-heading.av-av_heading-6a1aecd0d9232c5abf85c8a10f126649 .av-special-heading-tag .heading-char{\nfont-size:25px;\n}\n.av-special-heading.av-av_heading-6a1aecd0d9232c5abf85c8a10f126649 .av-subheading{\nfont-size:15px;\n}\n<\/style>\n<div  class='av-special-heading av-av_heading-6a1aecd0d9232c5abf85c8a10f126649 av-special-heading-h2 blockquote modern-quote  avia-builder-el-14  el_after_av_one_half  el_before_av_hr '><h2 class='av-special-heading-tag '  itemprop=\"headline\"  >Information and technical details<\/h2><div class=\"special-heading-border\"><div class=\"special-heading-inner-border\"><\/div><\/div><\/div>\n<div  class='hr av-av_hr-dcd2069817a0e3d34ae04cad8f3443c7 hr-default  avia-builder-el-15  el_after_av_heading  el_before_av_tab_container '><span class='hr-inner '><span class=\"hr-inner-style\"><\/span><\/span><\/div>\n<div  class='tabcontainer av-av_tab_container-0bacd910096d11a3cec6dfb538798966 top_tab  avia-builder-el-16  el_after_av_hr  el_before_av_image '>\n<section class='av_tab_section av_tab_section av-av_tab-c4f1bdcf2f81b07a3cec25c13d7009ae'  itemscope=\"itemscope\" itemtype=\"https:\/\/schema.org\/CreativeWork\" ><div id='tab-id-1-tab' class='tab active_tab' role='tab' aria-selected=\"true\" tabindex=\"0\" data-fake-id='#tab-id-1' aria-controls='tab-id-1-content'  itemprop=\"headline\" ><span class='tab_icon' aria-hidden='true' data-av_icon='\ue84b' data-av_iconfont='entypo-fontello'><\/span>Marco<\/div><div id='tab-id-1-content' class='tab_content active_tab_content' role='tabpanel' aria-labelledby='tab-id-1-tab' aria-hidden=\"false\"><div class='tab_inner_content invers-color'  itemprop=\"text\" ><h3>Marco<\/h3>\n<hr \/>\n<table>\n<tbody>\n<tr style=\"color: #010001;\">\n<td class=\"fondo-tabla-1\" width=\"15%\"><strong>PERFIL<\/strong><\/td>\n<td class=\"fondo-tabla-2\">\n<ul>\n<li>Marco y contramarco en aluminio extrusionado lacado blanco.<\/li>\n<li>Tratamiento de alta resistencia.<\/li>\n<li>Doble rotura de puente t\u00e9rmico.<\/li>\n<li>Fijado con torniller\u00eda oculta y adaptable a diferentes espesores.<\/li>\n<\/ul>\n<\/td>\n<\/tr>\n<tr style=\"color: #010001;\">\n<td class=\"fondo-tabla-1\"><strong>PISADERA<\/strong><\/td>\n<td class=\"fondo-tabla-2\">\n<ul>\n<li>Perfil de aluminio reforzado, con alojamiento para resistencia antiescarcha (Baja Temperatura).<\/li>\n<li>Resistencia de alto poder calor\u00edfico (temperaturas hasta -20\u00b0C)<\/li>\n<\/ul>\n<\/td>\n<\/tr>\n<\/tbody>\n<\/table>\n<\/div><\/div><\/section>\n<section class='av_tab_section av_tab_section av-av_tab-ce90940e22360ec63e0ed24d6d77f02c'  itemscope=\"itemscope\" itemtype=\"https:\/\/schema.org\/CreativeWork\" ><div id='tab-id-2-tab' class='tab' role='tab' aria-selected=\"false\" tabindex=\"0\" data-fake-id='#tab-id-2' aria-controls='tab-id-2-content'  itemprop=\"headline\" ><span class='tab_icon' aria-hidden='true' data-av_icon='\ue84b' data-av_iconfont='entypo-fontello'><\/span>Hoja<\/div><div id='tab-id-2-content' class='tab_content' role='tabpanel' aria-labelledby='tab-id-2-tab' aria-hidden=\"true\"><div class='tab_inner_content invers-color'  itemprop=\"text\" ><h3>Hoja<\/h3>\n<hr \/>\n<table>\n<tbody>\n<tr style=\"color: #010001;\">\n<td class=\"fondo-tabla-1\" width=\"15%\"><strong>PERFIL<\/strong><\/td>\n<td class=\"fondo-tabla-2\">\n<ul>\n<li>Aluminio extrusionado anodizado (inox).<\/li>\n<li>Tratamiento alta resistencia a la corrosi\u00f3n.<\/li>\n<li>Con rotura de puente t\u00e9rmico.<\/li>\n<\/ul>\n<\/td>\n<\/tr>\n<tr style=\"color: #010001;\">\n<td class=\"fondo-tabla-1\"><strong>AISLAMIENTO<\/strong><\/td>\n<td class=\"fondo-tabla-2\">\n<ul>\n<li>Espuma de poliuretano de alta densidad tipo B2, con alto poder aislante.<\/li>\n<li>Clasificaci\u00f3n de reacci\u00f3n al fuego Bs1d0.<\/li>\n<\/ul>\n<\/td>\n<\/tr>\n<tr style=\"color: #010001;\">\n<td class=\"fondo-tabla-1\"><strong>ESPESORES<\/strong><\/td>\n<td class=\"fondo-tabla-2\">\n<ul>\n<li>60 mm (refrigeraci\u00f3n).<\/li>\n<li>80 mm (congelaci\u00f3n hasta -15\u00b0C).<\/li>\n<li>100 mm (congelaci\u00f3n hasta -20\u00b0C).<\/li>\n<\/ul>\n<\/td>\n<\/tr>\n<tr style=\"color: #010001;\">\n<td class=\"fondo-tabla-1\"><strong>CHAPA<\/strong><\/td>\n<td class=\"fondo-tabla-2\">\n<ul>\n<li>Espesor 0,6 mm.<\/li>\n<li>Acero galvanizado y lacado en blanco 1006.<\/li>\n<\/ul>\n<\/td>\n<\/tr>\n<tr style=\"color: #010001;\">\n<td class=\"fondo-tabla-1\"><strong>BURLETE<\/strong><\/td>\n<td class=\"fondo-tabla-2\">\n<ul>\n<li>Muy flexible, de doble alveolo y resistente a temperaturas negativas.<\/li>\n<\/ul>\n<\/td>\n<\/tr>\n<\/tbody>\n<\/table>\n<\/div><\/div><\/section>\n<section class='av_tab_section av_tab_section av-av_tab-91145e8eff1cb94ae4e691cb15e85256'  itemscope=\"itemscope\" itemtype=\"https:\/\/schema.org\/CreativeWork\" ><div id='tab-id-3-tab' class='tab' role='tab' aria-selected=\"false\" tabindex=\"0\" data-fake-id='#tab-id-3' aria-controls='tab-id-3-content'  itemprop=\"headline\" ><span class='tab_icon' aria-hidden='true' data-av_icon='\ue84b' data-av_iconfont='entypo-fontello'><\/span>Herraje<\/div><div id='tab-id-3-content' class='tab_content' role='tabpanel' aria-labelledby='tab-id-3-tab' aria-hidden=\"true\"><div class='tab_inner_content invers-color'  itemprop=\"text\" ><h3>Herraje<\/h3>\n<hr \/>\n<table>\n<tbody>\n<tr style=\"color: #010001;\">\n<td class=\"fondo-tabla-1\" width=\"15%\"><strong>GU\u00cdA<\/strong><\/td>\n<td class=\"fondo-tabla-2\">\n<ul>\n<li>Perfil de aluminio extrusionado, acabado anodizado con rampas de ajuste.<\/li>\n<li>Sistema guiado por 2 rodamientos.<\/li>\n<\/ul>\n<\/td>\n<\/tr>\n<tr style=\"color: #010001;\">\n<td class=\"fondo-tabla-1\"><strong>APERTURA<\/strong><\/td>\n<td class=\"fondo-tabla-2\">\n<ul>\n<li>Maneta exterior tipo palanca de acero inoxidable.<\/li>\n<li>Maneta interior tipo palanca de aluminio lacado verde con distintivos reflectantes.<\/li>\n<\/ul>\n<\/td>\n<\/tr>\n<tr style=\"color: #010001;\">\n<td class=\"fondo-tabla-1\"><strong>TORNILLER\u00cdA<\/strong><\/td>\n<td class=\"fondo-tabla-2\">\n<ul>\n<li>Acero inoxidable A2.<\/li>\n<\/ul>\n<\/td>\n<\/tr>\n<\/tbody>\n<\/table>\n<\/div><\/div><\/section>\n<section class='av_tab_section av_tab_section av-av_tab-9bde14ba04551e38b9df8afbfa311925'  itemscope=\"itemscope\" itemtype=\"https:\/\/schema.org\/CreativeWork\" ><div id='tab-id-4-tab' class='tab' role='tab' aria-selected=\"false\" tabindex=\"0\" data-fake-id='#tab-id-4' aria-controls='tab-id-4-content'  itemprop=\"headline\" ><span class='tab_icon' aria-hidden='true' data-av_icon='\ue8a5' data-av_iconfont='entypo-fontello'><\/span>Opciones<\/div><div id='tab-id-4-content' class='tab_content' role='tabpanel' aria-labelledby='tab-id-4-tab' aria-hidden=\"true\"><div class='tab_inner_content invers-color'  itemprop=\"text\" ><h3>Opciones<\/h3>\n<hr \/>\n<ul>\n<li>Cerradura con llave con desbloqueo interior (posibilidad de misma llave para varias puertas).<\/li>\n<li>Protecci\u00f3n de hoja de zona inferior en aluminio damero, acero inox o polietileno de 5 mm.<\/li>\n<li>Visor fijo con cristal tipo climalit.<\/li>\n<li>Acabados varios en chapa lacada (azul, rojo, verde, gris, etc), acero inox, pvc, polyester, etc.<\/li>\n<\/ul>\n<\/div><\/div><\/section>\n<section class='av_tab_section av_tab_section av-av_tab-01e3cae31c934319a454ec7643d8746e'  itemscope=\"itemscope\" itemtype=\"https:\/\/schema.org\/CreativeWork\" ><div id='tab-id-5-tab' class='tab' role='tab' aria-selected=\"false\" tabindex=\"0\" data-fake-id='#tab-id-5' aria-controls='tab-id-5-content'  itemprop=\"headline\" ><span class='tab_icon' aria-hidden='true' data-av_icon='\ue82d' data-av_iconfont='entypo-fontello'><\/span>Descargar ficha t\u00e9cnica<\/div><div id='tab-id-5-content' class='tab_content' role='tabpanel' aria-labelledby='tab-id-5-tab' aria-hidden=\"true\"><div class='tab_inner_content invers-color'  itemprop=\"text\" ><h3>Descargar ficha t\u00e9cnica<\/h3>\n<hr \/>\n<p>Ofrecemos la posibilidad\u00a0de descargar la ficha t\u00e9cnica completa de esta puerta frigor\u00edfica corredera DC1. Si tiene cualquier tipo de duda referente a este producto, no dude en ponerse en contacto con nosotros <a href=\"https:\/\/doorfrig.com\/contacto\/\">en nuestra secci\u00f3n de contacto<\/a>.<\/p>\n<div  class='avia-button-wrap av-av_button-758ca0ae8ccf47ebefc002a41f3ea473-wrap avia-button-center  avia-builder-el-17  avia-builder-el-no-sibling '><a href='https:\/\/doorfrig.com\/wp-content\/uploads\/2016\/11\/ficha-tecnica-dc1.pdf' class='avia-button av-av_button-758ca0ae8ccf47ebefc002a41f3ea473 av-link-btn avia-icon_select-yes-left-icon avia-size-large avia-position-center avia-color-theme-color' target=\"_blank\" rel=\"noopener noreferrer\" aria-label=\"Descargar ficha t\u00e9cnica\"><span class='avia_button_icon avia_button_icon_left' aria-hidden='true' data-av_icon='\ue82d' data-av_iconfont='entypo-fontello'><\/span><span class='avia_iconbox_title' >Descargar ficha t\u00e9cnica<\/span><\/a><\/div>\n<\/div><\/div><\/section>\n<\/div>\n\n<style type=\"text\/css\" data-created_by=\"avia_inline_auto\" id=\"style-css-av-av_image-855904abd2399cd8eace3f66fc8b4914\">\n.avia-image-container.av-av_image-855904abd2399cd8eace3f66fc8b4914 img.avia_image{\nbox-shadow:none;\n}\n.avia-image-container.av-av_image-855904abd2399cd8eace3f66fc8b4914 .av-image-caption-overlay-center{\ncolor:#ffffff;\n}\n<\/style>\n<div  class='avia-image-container av-av_image-855904abd2399cd8eace3f66fc8b4914 av-styling- av-img-linked avia-align-center  avia-builder-el-18  el_after_av_tab_container  avia-builder-el-last '   itemprop=\"image\" itemscope=\"itemscope\" itemtype=\"https:\/\/schema.org\/ImageObject\" ><div class=\"avia-image-container-inner\"><div class=\"avia-image-overlay-wrap\"><a href=\"https:\/\/doorfrig.com\/en\/contact\/\" class='avia_image '  aria-label='Servicio Express | Puertas C\u00e1maras Frigor\u00edficas'><img decoding=\"async\" fetchpriority=\"high\" class='wp-image-1874 avia-img-lazy-loading-not-1874 avia_image ' src=\"https:\/\/doorfrig.com\/wp-content\/uploads\/2017\/05\/banner-bottom.jpg\" alt='Servicio Express | Puertas C\u00e1maras Frigor\u00edficas' title='Servicio Express | Puertas C\u00e1maras Frigor\u00edficas'  height=\"150\" width=\"883\"  itemprop=\"thumbnailUrl\" srcset=\"https:\/\/doorfrig.com\/wp-content\/uploads\/2017\/05\/banner-bottom.jpg 883w, https:\/\/doorfrig.com\/wp-content\/uploads\/2017\/05\/banner-bottom-300x51.jpg 300w, https:\/\/doorfrig.com\/wp-content\/uploads\/2017\/05\/banner-bottom-768x130.jpg 768w, https:\/\/doorfrig.com\/wp-content\/uploads\/2017\/05\/banner-bottom-705x120.jpg 705w, https:\/\/doorfrig.com\/wp-content\/uploads\/2017\/05\/banner-bottom-450x76.jpg 450w\" sizes=\"(max-width: 883px) 100vw, 883px\" \/><\/a><\/div><\/div><\/div>\n","protected":false},"excerpt":{"rendered":"","protected":false},"author":1,"featured_media":0,"parent":1023,"menu_order":0,"comment_status":"closed","ping_status":"closed","template":"","meta":{"footnotes":""},"class_list":["post-1032","page","type-page","status-publish","hentry"],"_links":{"self":[{"href":"https:\/\/doorfrig.com\/en\/wp-json\/wp\/v2\/pages\/1032","targetHints":{"allow":["GET"]}}],"collection":[{"href":"https:\/\/doorfrig.com\/en\/wp-json\/wp\/v2\/pages"}],"about":[{"href":"https:\/\/doorfrig.com\/en\/wp-json\/wp\/v2\/types\/page"}],"author":[{"embeddable":true,"href":"https:\/\/doorfrig.com\/en\/wp-json\/wp\/v2\/users\/1"}],"replies":[{"embeddable":true,"href":"https:\/\/doorfrig.com\/en\/wp-json\/wp\/v2\/comments?post=1032"}],"version-history":[{"count":2,"href":"https:\/\/doorfrig.com\/en\/wp-json\/wp\/v2\/pages\/1032\/revisions"}],"predecessor-version":[{"id":3480,"href":"https:\/\/doorfrig.com\/en\/wp-json\/wp\/v2\/pages\/1032\/revisions\/3480"}],"up":[{"embeddable":true,"href":"https:\/\/doorfrig.com\/en\/wp-json\/wp\/v2\/pages\/1023"}],"wp:attachment":[{"href":"https:\/\/doorfrig.com\/en\/wp-json\/wp\/v2\/media?parent=1032"}],"curies":[{"name":"wp","href":"https:\/\/api.w.org\/{rel}","templated":true}]}}